{"id":242572,"date":"2022-06-19T13:07:32","date_gmt":"2022-06-19T13:07:32","guid":{"rendered":"https:\/\/destination-camargue.fr\/mentions-legales\/"},"modified":"2024-11-13T09:44:35","modified_gmt":"2024-11-13T09:44:35","slug":"mentions-legales","status":"publish","type":"page","link":"https:\/\/destination-camargue.fr\/en\/mentions-legales\/","title":{"rendered":"Mentions l\u00e9gales"},"content":{"rendered":"\n<h2 class=\"wp-block-heading\">\u00c9diteur du site<\/h2>\n\n\n\n<p><strong>Propri\u00e9taire<\/strong>\u00a0: Parc naturel r\u00e9gional de Camargue<br><strong>Adresse<\/strong>\u00a0: Mas du Pont de Rousty &#8211; 13200 Arles <br><strong>E-mail<\/strong>\u00a0:\u00a0contact@parc-camargue.fr<br><strong>T\u00e9l\u00e9phone<\/strong>\u00a0: 04 90 97 10 40<\/p>\n\n\n\n<p><strong>Directrice de publication<\/strong>\u00a0: Muriel Cervilla<\/p>\n\n\n\n<p><strong>Raison sociale<\/strong>\u00a0: Parc naturel r\u00e9gional de Camargue<br><strong>Structure juridique<\/strong>\u00a0: <br><strong>Num\u00e9ro SIRET<\/strong>\u00a0: <br><strong>Code APE<\/strong>\u00a0: <\/p>\n\n\n\n<h2 class=\"wp-block-heading\">Conception et r\u00e9alisation du site<\/h2>\n\n\n\n<p>Canop\u00e9e, agence de design global et strat\u00e9gie de communication<br><strong>Adresse<\/strong>&nbsp;: 2 rue \u00c9tienne Gautier, 13200 Arles<br><strong>Tel<\/strong>. : 04 90 93 80 30<br><strong>E-mail&nbsp;<\/strong>:&nbsp;<a href=\"mailto:info@canopee.cc\">info@canopee.cc<\/a><br><strong>Site internet&nbsp;<\/strong>:&nbsp;<a href=\"http:\/\/www.canopee.cc\/\" target=\"_blank\" rel=\"noreferrer noopener\">www.canopee.cc<\/a><\/p>\n\n\n\n<h2 class=\"wp-block-heading\">H\u00e9bergement<\/h2>\n\n\n\n<p>OVH<br>RCS Roubaix \u2013 Tourcoing 424 761 419 00045<br><strong>Code APE :<\/strong>&nbsp;6202A<br><strong>N\u00b0 TVA<\/strong>&nbsp;: FR 22 424 761 419<br><strong>Si\u00e8ge social<\/strong>&nbsp;: 2 rue Kellermann \u2013 59100 Roubaix \u2013 France.<\/p>\n\n\n\n<h2 class=\"wp-block-heading\">Propri\u00e9t\u00e9 intellectuelle<\/h2>\n\n\n\n<p>L\u2019ensemble du contenu du site\u00a0<a href=\"https:\/\/destination-camargue.fr\" target=\"_blank\" rel=\"noreferrer noopener\">destination-camargue.fr<\/a>\u00a0\u00e0 savoir notamment tous les textes, commentaires, ouvrages, illustrations, \u0153uvres et images reproduits ou repr\u00e9sent\u00e9s sont strictement r\u00e9serv\u00e9s au titre du droit d\u2019auteur ainsi qu\u2019au titre de la propri\u00e9t\u00e9 intellectuelle et pour le monde entier. \u00c0 ce titre et conform\u00e9ment aux dispositions du code de la propri\u00e9t\u00e9 intellectuelle, seule l\u2019utilisation pour un usage priv\u00e9 sous r\u00e9serve de dispositions diff\u00e9rentes voire plus restrictives du code de la propri\u00e9t\u00e9 intellectuelle est autoris\u00e9e. Toute reproduction ou repr\u00e9sentation totale ou partielle du site <a href=\"https:\/\/destination-camargue.fr\" target=\"_blank\" rel=\"noreferrer noopener\">destination-camargue.fr<\/a> ou de tout ou partie des \u00e9l\u00e9ments se trouvant sur le site <a href=\"https:\/\/destination-camargue.fr\" target=\"_blank\" rel=\"noreferrer noopener\">destination-camargue.fr<\/a> est strictement interdite.<\/p>\n\n\n\n<p>Toute utilisation de ces contenus en fraude des droits d\u00e9tenus par des tiers sur ceux-ci est constitutive du d\u00e9lit de contrefa\u00e7on, s\u00e9v\u00e8rement sanctionn\u00e9 par le Code de la Propri\u00e9t\u00e9 Intellectuelle.<\/p>\n\n\n\n<h2 class=\"wp-block-heading\">Photos<\/h2>\n\n\n\n<p>Les photos sont les propri\u00e9t\u00e9s des auteurs cr\u00e9dit\u00e9s et sont soumises \u00e0 autorisation.<\/p>\n\n\n\n<h2 class=\"wp-block-heading\">Responsabilit\u00e9<\/h2>\n\n\n\n<p>Le site <a href=\"https:\/\/destination-camargue.fr\" target=\"_blank\" rel=\"noreferrer noopener\">destination-camargue.fr<\/a> peut contenir des liens vers d\u2019autres sites dont les contenus ne sont pas sous le contr\u00f4le du Parc naturel r\u00e9gional de Camargue. Par cons\u00e9quent, la responsabilit\u00e9 du Parc naturel r\u00e9gional de Camargue ne saurait \u00eatre engag\u00e9e \u00e0 raison du contenu de ces sites, des liens qu\u2019ils contiennent, des produits ou services qu\u2019ils proposent.<\/p>\n\n\n\n<p>\u00c9galement, certaines pages du site\u00a0<em>destination-camargue.fr\u00a0<\/em>sont aliment\u00e9es directement par un flux automatique provenant de la base touristique\u00a0<em>APIDAE\u00a0<\/em>r\u00e9gie par l\u2019<em>Agence D\u00e9partementales des Bouches-du-Rh\u00f4ne.\u00a0<\/em>Il s\u2019agit des pages suivantes :<\/p>\n\n\n\n<ul class=\"wp-block-list\">\n<li>Visites et d\u00e9couvertes<\/li>\n\n\n\n<li>Loisirs et activit\u00e9s<\/li>\n\n\n\n<li>Balades et randonn\u00e9es<\/li>\n\n\n\n<li>Activit\u00e9s nautiques<\/li>\n\n\n\n<li>March\u00e9s<\/li>\n\n\n\n<li>Restaurants<\/li>\n\n\n\n<li>Producteurs locaux<\/li>\n\n\n\n<li>Artisanat local<\/li>\n\n\n\n<li>\u00c9v\u00e8nements<\/li>\n<\/ul>\n\n\n\n<p>Le Parc naturel r\u00e9gional de Camargue exclut toute responsabilit\u00e9 pour n\u2019importe quel pr\u00e9judice caus\u00e9 directement et\/ou indirectement, de quelque fa\u00e7on que ce soit, du fait de l\u2019utilisation du site. Le Parc naturel r\u00e9gional de Camargue ne sera en aucun cas responsable d\u2019un quelconque pr\u00e9judice, caus\u00e9 par :<\/p>\n\n\n\n<ul class=\"wp-block-list\">\n<li>des faits et actions des tiers,<\/li>\n\n\n\n<li>l\u2019impossibilit\u00e9 d\u2019utiliser le site,<\/li>\n\n\n\n<li>l\u2019utilisation irr\u00e9guli\u00e8re du site et\/ou des syst\u00e8mes informatiques du Parc naturel r\u00e9gional de Camargue par un tiers.<\/li>\n<\/ul>\n","protected":false},"excerpt":{"rendered":"<p>\u00c9diteur du site Propri\u00e9taire\u00a0: Parc naturel r\u00e9gional de CamargueAdresse\u00a0: Mas du Pont de Rousty &#8211; 13200 Arles E-mail\u00a0:\u00a0contact@parc-camargue.frT\u00e9l\u00e9phone\u00a0: 04 90 97 10 40 Directrice de publication\u00a0: Muriel Cervilla Raison sociale\u00a0: Parc naturel r\u00e9gional de CamargueStructure juridique\u00a0: Num\u00e9ro SIRET\u00a0: Code APE\u00a0: Conception et r\u00e9alisation du site Canop\u00e9e, agence de design global et strat\u00e9gie de communicationAdresse&nbsp;: 2 rue \u00c9tienne Gautier, [&hellip;]<\/p>\n","protected":false},"author":2,"featured_media":0,"parent":0,"menu_order":31,"comment_status":"closed","ping_status":"closed","template":"","meta":{"_acf_changed":false,"inline_featured_image":false,"footnotes":""},"class_list":["post-242572","page","type-page","status-publish","hentry"],"acf":[],"yoast_head":"<!-- This site is optimized with the Yoast SEO plugin v26.6 - https:\/\/yoast.com\/wordpress\/plugins\/seo\/ -->\n<title>Mentions l\u00e9gales - Destination Camargue<\/title>\n<meta name=\"robots\" content=\"index, follow, max-snippet:-1, max-image-preview:large, max-video-preview:-1\" \/>\n<link rel=\"canonical\" href=\"https:\/\/destination-camargue.fr\/en\/mentions-legales\/\" \/>\n<meta property=\"og:locale\" content=\"en_US\" \/>\n<meta property=\"og:type\" content=\"article\" \/>\n<meta property=\"og:title\" content=\"Mentions l\u00e9gales - Destination Camargue\" \/>\n<meta property=\"og:description\" content=\"\u00c9diteur du site Propri\u00e9taire\u00a0: Parc naturel r\u00e9gional de CamargueAdresse\u00a0: Mas du Pont de Rousty &#8211; 13200 Arles E-mail\u00a0:\u00a0contact@parc-camargue.frT\u00e9l\u00e9phone\u00a0: 04 90 97 10 40 Directrice de publication\u00a0: Muriel Cervilla Raison sociale\u00a0: Parc naturel r\u00e9gional de CamargueStructure juridique\u00a0: Num\u00e9ro SIRET\u00a0: Code APE\u00a0: Conception et r\u00e9alisation du site Canop\u00e9e, agence de design global et strat\u00e9gie de communicationAdresse&nbsp;: 2 rue \u00c9tienne Gautier, [&hellip;]\" \/>\n<meta property=\"og:url\" content=\"https:\/\/destination-camargue.fr\/en\/mentions-legales\/\" \/>\n<meta property=\"og:site_name\" content=\"Destination Camargue\" \/>\n<meta property=\"article:modified_time\" content=\"2024-11-13T09:44:35+00:00\" \/>\n<meta name=\"twitter:card\" content=\"summary_large_image\" \/>\n<meta name=\"twitter:label1\" content=\"Est. reading time\" \/>\n\t<meta name=\"twitter:data1\" content=\"3 minutes\" \/>\n<script type=\"application\/ld+json\" class=\"yoast-schema-graph\">{\"@context\":\"https:\/\/schema.org\",\"@graph\":[{\"@type\":\"WebPage\",\"@id\":\"https:\/\/destination-camargue.fr\/en\/mentions-legales\/\",\"url\":\"https:\/\/destination-camargue.fr\/en\/mentions-legales\/\",\"name\":\"Mentions l\u00e9gales - Destination Camargue\",\"isPartOf\":{\"@id\":\"https:\/\/destination-camargue.fr\/en\/#website\"},\"datePublished\":\"2022-06-19T13:07:32+00:00\",\"dateModified\":\"2024-11-13T09:44:35+00:00\",\"breadcrumb\":{\"@id\":\"https:\/\/destination-camargue.fr\/en\/mentions-legales\/#breadcrumb\"},\"inLanguage\":\"en-US\",\"potentialAction\":[{\"@type\":\"ReadAction\",\"target\":[\"https:\/\/destination-camargue.fr\/en\/mentions-legales\/\"]}]},{\"@type\":\"BreadcrumbList\",\"@id\":\"https:\/\/destination-camargue.fr\/en\/mentions-legales\/#breadcrumb\",\"itemListElement\":[{\"@type\":\"ListItem\",\"position\":1,\"name\":\"Home\",\"item\":\"https:\/\/destination-camargue.fr\/en\/\"},{\"@type\":\"ListItem\",\"position\":2,\"name\":\"Mentions l\u00e9gales\"}]},{\"@type\":\"WebSite\",\"@id\":\"https:\/\/destination-camargue.fr\/en\/#website\",\"url\":\"https:\/\/destination-camargue.fr\/en\/\",\"name\":\"Destination Camargue\",\"description\":\"La Camargue, naturellement humaine\",\"potentialAction\":[{\"@type\":\"SearchAction\",\"target\":{\"@type\":\"EntryPoint\",\"urlTemplate\":\"https:\/\/destination-camargue.fr\/en\/?s={search_term_string}\"},\"query-input\":{\"@type\":\"PropertyValueSpecification\",\"valueRequired\":true,\"valueName\":\"search_term_string\"}}],\"inLanguage\":\"en-US\"}]}<\/script>\n<!-- \/ Yoast SEO plugin. -->","yoast_head_json":{"title":"Mentions l\u00e9gales - Destination Camargue","robots":{"index":"index","follow":"follow","max-snippet":"max-snippet:-1","max-image-preview":"max-image-preview:large","max-video-preview":"max-video-preview:-1"},"canonical":"https:\/\/destination-camargue.fr\/en\/mentions-legales\/","og_locale":"en_US","og_type":"article","og_title":"Mentions l\u00e9gales - Destination Camargue","og_description":"\u00c9diteur du site Propri\u00e9taire\u00a0: Parc naturel r\u00e9gional de CamargueAdresse\u00a0: Mas du Pont de Rousty &#8211; 13200 Arles E-mail\u00a0:\u00a0contact@parc-camargue.frT\u00e9l\u00e9phone\u00a0: 04 90 97 10 40 Directrice de publication\u00a0: Muriel Cervilla Raison sociale\u00a0: Parc naturel r\u00e9gional de CamargueStructure juridique\u00a0: Num\u00e9ro SIRET\u00a0: Code APE\u00a0: Conception et r\u00e9alisation du site Canop\u00e9e, agence de design global et strat\u00e9gie de communicationAdresse&nbsp;: 2 rue \u00c9tienne Gautier, [&hellip;]","og_url":"https:\/\/destination-camargue.fr\/en\/mentions-legales\/","og_site_name":"Destination Camargue","article_modified_time":"2024-11-13T09:44:35+00:00","twitter_card":"summary_large_image","twitter_misc":{"Est. reading time":"3 minutes"},"schema":{"@context":"https:\/\/schema.org","@graph":[{"@type":"WebPage","@id":"https:\/\/destination-camargue.fr\/en\/mentions-legales\/","url":"https:\/\/destination-camargue.fr\/en\/mentions-legales\/","name":"Mentions l\u00e9gales - Destination Camargue","isPartOf":{"@id":"https:\/\/destination-camargue.fr\/en\/#website"},"datePublished":"2022-06-19T13:07:32+00:00","dateModified":"2024-11-13T09:44:35+00:00","breadcrumb":{"@id":"https:\/\/destination-camargue.fr\/en\/mentions-legales\/#breadcrumb"},"inLanguage":"en-US","potentialAction":[{"@type":"ReadAction","target":["https:\/\/destination-camargue.fr\/en\/mentions-legales\/"]}]},{"@type":"BreadcrumbList","@id":"https:\/\/destination-camargue.fr\/en\/mentions-legales\/#breadcrumb","itemListElement":[{"@type":"ListItem","position":1,"name":"Home","item":"https:\/\/destination-camargue.fr\/en\/"},{"@type":"ListItem","position":2,"name":"Mentions l\u00e9gales"}]},{"@type":"WebSite","@id":"https:\/\/destination-camargue.fr\/en\/#website","url":"https:\/\/destination-camargue.fr\/en\/","name":"Destination Camargue","description":"La Camargue, naturellement humaine","potentialAction":[{"@type":"SearchAction","target":{"@type":"EntryPoint","urlTemplate":"https:\/\/destination-camargue.fr\/en\/?s={search_term_string}"},"query-input":{"@type":"PropertyValueSpecification","valueRequired":true,"valueName":"search_term_string"}}],"inLanguage":"en-US"}]}},"_links":{"self":[{"href":"https:\/\/destination-camargue.fr\/en\/wp-json\/wp\/v2\/pages\/242572","targetHints":{"allow":["GET"]}}],"collection":[{"href":"https:\/\/destination-camargue.fr\/en\/wp-json\/wp\/v2\/pages"}],"about":[{"href":"https:\/\/destination-camargue.fr\/en\/wp-json\/wp\/v2\/types\/page"}],"author":[{"embeddable":true,"href":"https:\/\/destination-camargue.fr\/en\/wp-json\/wp\/v2\/users\/2"}],"replies":[{"embeddable":true,"href":"https:\/\/destination-camargue.fr\/en\/wp-json\/wp\/v2\/comments?post=242572"}],"version-history":[{"count":1,"href":"https:\/\/destination-camargue.fr\/en\/wp-json\/wp\/v2\/pages\/242572\/revisions"}],"predecessor-version":[{"id":242573,"href":"https:\/\/destination-camargue.fr\/en\/wp-json\/wp\/v2\/pages\/242572\/revisions\/242573"}],"wp:attachment":[{"href":"https:\/\/destination-camargue.fr\/en\/wp-json\/wp\/v2\/media?parent=242572"}],"curies":[{"name":"wp","href":"https:\/\/api.w.org\/{rel}","templated":true}]}}