{"id":242497,"date":"2022-06-27T20:47:44","date_gmt":"2022-06-27T20:47:44","guid":{"rendered":"https:\/\/destination-camargue.fr\/?page_id=242497"},"modified":"2024-11-13T10:42:16","modified_gmt":"2024-11-13T10:42:16","slug":"professions-on-land","status":"publish","type":"page","link":"https:\/\/destination-camargue.fr\/en\/life-size-provence\/camargue-a-land-of-know-how\/professions-on-land\/","title":{"rendered":"Professions on land"},"content":{"rendered":"\n<h2 class=\"wp-block-heading\">Little grains of Camargue<\/h2>\n\n\n\n<p>Rice growing has been the main economic farm activity in the Camargue since the 1950s. In need of freshwater supply, it plays a major role in soil desalination.<\/p>\n\n\n\n<p>The first attempt to grow rice was made in the 1870s to desalinate the land after the total&nbsp; confinement of the Camargue in 1860. The end of Rh\u00f4ne floodings had also put an end to natural soil leaching by the river\u2019s fresh water during overflows. In order to control the natural salinity of the soil, pumping stations and irrigation systems have been set up.<\/p>\n\n\n\n<p>The rice cultivation started by the French State during the Second World War was increased during the Marshall Plan which financed major water works and the purchase of equipment essential for intensive rice cultivation. The farming area increased from 400 hectares in 1944 to 3,000 hectares in 1945 and 30,000 hectares in the 1960s.<\/p>\n\n\n\n<p>Today, more than 200 farmers produce around 100,000 tons of rice per year, representing 15% of the national rice consumption. Rice fields still contribute to the maintenance of the Camargue ecosystem by limiting the salinity of the land and regulating the flow of the Rh\u00f4ne during floods.<\/p>\n\n\n\n<p>In 2000, the Camargue rice was classified <em>Indication g\u00e9ographqiue prot\u00e9g\u00e9e<\/em> (IGP) which certifies the origin of the production.<\/p>\n\n\n<div class=\"wp-block-image\"><figure class=\"size-full aligncenter\"><a href=https:\/\/destination-camargue.fr\/wp-content\/uploads\/2024\/10\/Riz@VinziStudio-bd.jpg title=\"Riz de Camargue\" rel=\"prettyPhoto\"><img src=https:\/\/destination-camargue.fr\/wp-content\/uploads\/2024\/10\/Riz@VinziStudio-bd.jpg alt=\"Riz de Camargue\" title=\"Riz@VinziStudio-bd\" class=\"wp-image-242138\"\/><\/a><figcaption class=\"text-start\">Riz de Camargue<span>&copy; Vinzi Studio<\/span><\/figcaption><\/figure><\/div>\n\n\n<div class=\"wp-block-encadre color-vert\"><div class=\"encadre-block encadre-color-vert has-ui-light-color\"> \n\n        \n    <h2 class=\"text-center has-ui-light-color\">Did you know?<\/h2>\n \n    <div class=\"entry-content\"><p>During the Second World War, 2,000 young Indochinese (now Vietnamese) mobilized by the French army were sent to the Camargue. Some to the salt marshes or vineyards, others to emerging rice farms. Their know-how was very valuable for the establishment of sustainable rice growing in the Camargue.<\/p>\n<p>In 2014, a remembrance stone was erected in Salin-de-Giraud in gratitude for their contribution to the development of rice farming in the Camargue.<\/p>\n<\/div> \n\n     \n\n<\/div><\/div>\n\n\n<p><\/p>\n\n\n\n<h2 class=\"wp-block-heading\">Wine of the Camargue:\u00a0 roots in the water, grapes in the sun<\/h2>\n\n\n\n<p>Winegrowing has a long history in the Camargue, dating back to Roman times. It developed under the Second Empire and especially during the phylloxera epidemic. The insect imported from America actually did not resist the 40 to 50 days of immersion of the vineyards in winter. While most of the European vineyards were devastated, the Rh\u00f4ne delta became a refuge for the vine thanks to submersion and sandy soils. The larvae of this insect which kills the vine plant at the root simply suffocated. Today, the winegrowers of the Camargue carry out a selective and qualitative viticulture appreciated by lovers of sunny, fruity and fresh taste. Some still use submersion in order to limit treatments.<\/p>\n\n\n\n<div class=\"wp-block-encadre color-vert\"><div class=\"encadre-block encadre-color-vert has-ui-light-color\"> \n\n        \n    <h2 class=\"text-center has-ui-light-color\">Did you know?<\/h2>\n \n    <div class=\"entry-content\"><p><!-- wp:paragraph --><\/p>\n<p>The voluntary floodings, originally used at the end of the 19<sup>th<\/sup> century to fight the phylloxera, still help to diminish the salinity of the vineyards\u2019 soils today.<\/p>\n<p><!-- \/wp:paragraph --><\/p>\n<\/div> \n\n     \n\n<\/div><\/div>\n\n<figure class=\"wp-block-image size-full align\"><a href=https:\/\/destination-camargue.fr\/wp-content\/uploads\/2024\/10\/domaine-de-beaujeu-\u00a9-Agence_Cameleon-PNRC-bd.jpg title=\"Vignes du Domaine de Beaujeu\" rel=\"prettyPhoto\"><img src=https:\/\/destination-camargue.fr\/wp-content\/uploads\/2024\/10\/domaine-de-beaujeu-\u00a9-Agence_Cameleon-PNRC-bd.jpg alt=\"Vignes en Camargue\" title=\"domaine-de-beaujeu-\u00a9-Agence_Came\u0301le\u0301on-PNRC-bd\" class=\"wp-image-242153\"\/><\/a><figcaption class=\"text-start\">Vignes du Domaine de Beaujeu<span>&copy; Agence Cam\u00e9l\u00e9on<\/span><\/figcaption><\/figure>\n\n\n<h2 class=\"wp-block-heading\">Sand potatoes<\/h2>\n\n\n<div class=\"wp-block-image\"><figure class=\"size-full alignright\"><a href=https:\/\/destination-camargue.fr\/wp-content\/uploads\/2024\/10\/Maraichage_\u00a9Pauline-Daniel-bd.jpg title=\"Cultures de pommes de terre\" rel=\"prettyPhoto\"><img src=https:\/\/destination-camargue.fr\/wp-content\/uploads\/2024\/10\/Maraichage_\u00a9Pauline-Daniel-bd.jpg alt=\"Cultures de pommes de terre sous serre en Camargue\" title=\"Maraichage_\u00a9Pauline-Daniel-bd\"  width=\"300px\" class=\"wp-image-242157\"\/><\/a><figcaption class=\"text-start\">Cultures de pommes de terre<span>&copy; P. Daniel<\/span><\/figcaption><\/figure><\/div>\n\n\n<p>To avoid the inconveniences of intensive monoculture, farmers are diversifying their productions. They use Durum wheat, rapeseed or sorghum as intermediate crops. Some produce vegetables: melons, carrots, asparagus, tomatoes&#8230; and lately the famous sand potatoes.<\/p>\n\n\n\n<p>In the Park and its neighboring territories, a dozen farmers produce sand potatoes in organic farming or sustainable agriculture. Its subtle taste comes from the sea sands where it is grown.<\/p>\n\n\n\n<h2 class=\"wp-block-heading\">Reed: treasure of the marshes<\/h2>\n\n\n\n<p>Emblematic of the Camargue, the phragmite reed is everywhere you look. The species is typical of the wetlands and grows mostly on the edges of ponds, streams or ditches.<\/p>\n\n\n\n<p>It is a refuge for birds and offers a rich biodiversity. Called <em>sagne <\/em>by the locals, the reed is a material exploited by the Camarguais for 700 years. Natural and ecological, it is traditionally used to cover the roofs of huts. It also provides bales for eco construction, windbreaks, hunting pitches or even mats to cover the crops. More than 9,200 hectares of the Camargue are covered with reedbeds. The <em>Sagneurs<\/em> on their typical boats, the <em>Nego-chin<\/em>, currently exploit 2,000 hectares of reedbeds. Their activity contributes to the maintenance and development of the marshes as well as to the maintenance of ecological balances.<\/p>\n\n\n\n<p>\u00a0<\/p>\n\n\n<div class=\"wp-block-image\"><figure class=\"size-full aligncenter\"><a href=https:\/\/destination-camargue.fr\/wp-content\/uploads\/2024\/10\/Marais-ferme-apres-coupe2-bd.jpg title=\"\" rel=\"prettyPhoto\"><img src=https:\/\/destination-camargue.fr\/wp-content\/uploads\/2024\/10\/Marais-ferme-apres-coupe2-bd.jpg alt=\"\" title=\"Marais-ferme\u0301-apre\u0301s-coupe2-bd\" class=\"wp-image-242135\"\/><\/a><\/figure><\/div>\n\n\n<h3 class=\"wp-block-heading\">The cabane de gardian<\/h3>\n\n\n<div class=\"wp-block-image\"><figure class=\"size-full alignright\"><a href=https:\/\/destination-camargue.fr\/wp-content\/uploads\/2024\/10\/Cabanne_Gardian_\u00a9PNRC-bd.jpg title=\"Cabane de gardian\" rel=\"prettyPhoto\"><img src=https:\/\/destination-camargue.fr\/wp-content\/uploads\/2024\/10\/Cabanne_Gardian_\u00a9PNRC-bd.jpg alt=\"Cabane de gardian en Camargue\" title=\"Cabanne_Gardian_\u00a9PNRC-bd\"  width=\"400px\" class=\"wp-image-242161\"\/><\/a><figcaption class=\"text-start\">Cabane de gardian<span>&copy; PNR Camargue<\/span><\/figcaption><\/figure><\/div>\n\n\n<p>The Camargue hut, also known as the <em>cabane de gardian, <\/em>is a traditional dwelling of the area, recognizable by its shape, whiteness and thatched roof. No stones, no quarry, only locally available materials such as clay, salvage stones, tamarisk and reed.<\/p>\n\n\n\n<p>The hut is 7 to 12 meters long and 4 to 5 meters wide, with 2 rooms separated by a reed wall. It is particularly adapted to the regional climate with its rounded shape oriented north &#8211; northwest. It is designed to withstand the Mistral wind. The sloping roof allows rare but violent rains to flow quickly. The openings are narrow and rare. The reed walls are covered with a whitewashed plaster. On the very end of its roof (the <em>travette<\/em>) there is a cross. To visit a <em>gardian <\/em>hut, go to <a href=\"https:\/\/www.portsaintlouis-tourisme.fr\/fr\/visites-activites-port-saint-louis\/visites-balades\/la-cabane-de-gardian\" target=\"_blank\" rel=\"noreferrer noopener\">Port-Saint-Louis-du-Rh\u00f4ne<\/a>.<\/p>\n\n\n\n<h2 class=\"wp-block-heading\">Of animals and men<\/h2>\n\n\n\n<p>The Camargue identity is strongly linked to the extensive breeding of horses and bulls which helps to preserve different habitats. Ever since the 1970s, the <em>manades <\/em>have started to propose holiday rentals. They play an important role in passing on information to visitors: explain their work, transmit their passion and respect nature.<\/p>\n\n\n\n<h3 class=\"wp-block-heading\">Sheep\u00a0<\/h3>\n\n\n<div class=\"wp-block-image\"><figure class=\"size-full alignright\"><a href=https:\/\/destination-camargue.fr\/wp-content\/uploads\/2024\/10\/Mouton_Arles_13_fevrier_2015-bd.jpg title=\"Elevage de moutons\" rel=\"prettyPhoto\"><img src=https:\/\/destination-camargue.fr\/wp-content\/uploads\/2024\/10\/Mouton_Arles_13_fevrier_2015-bd.jpg alt=\"Elevage de moutons en Camargue\" title=\"Mouton_Arles_13_fe\u0301vrier_2015-bd\"  width=\"400px\" class=\"wp-image-242167\"\/><\/a><figcaption class=\"text-start\">Elevage de moutons<span><\/span><\/figcaption><\/figure><\/div>\n\n\n<p>This might surprise you, but from the Middle Ages to the beginning of the 20<sup>th<\/sup> century, sheep herding was the main breeding activity in the Rh\u00f4ne delta. In the 16<sup>th<\/sup> century, herds of up to 20,000 animals could be seen in the vast Camargue pastures. A few decades ago, every summer, thousands of sheep still left the plains of Provence to reach the Alps. An annual transhumance along the <em>drailles <\/em>(tracks followed by the herds) first led thousands of animals from the Camargue and the plateau of the Crau, between Arles and Fos-sur-Mer. Then, continuing their journey for several hundred kilometers, the herds aimed for the high valleys of the Alps, the Vercors or the C\u00e9vennes.<\/p>\n\n\n\n<p>Sheep were mainly bred for the high quality of their wool. They were a crossing of the local breed and the Spanish Merino sheep. In 1922, Arles created a big wool fair and warehouses. This market lasted until the 1970s. In 2013, breeders revived the market.<\/p>\n\n\n\n<p>The use of synthetic wool for clothing was the beginning of the decline of the activity in the 1950s. The wool of the <em>M\u00e9rinos d\u2019Arles<\/em> sheep was known for its delicacy and quality. Nowadays, there is a renewed interest in this fabric. On the Camargue Regional Natural Park grounds, there are 12,000 sheep.<\/p>\n\n\n\n<p>The <em>Maison de la Transhumance<\/em>, located in the heart of the Crau, in the town of Salon-de-Provence, promotes the <em>M\u00e9rinos d\u2019Arles<\/em> and the transhumance through leisure activities, shows and exhibitions. The long distance hiking trail GR 69 La Routo from Arles to the Italian Piedmont retraces the transhumance route. It also connects many public and private partners involved in the promotion of sheep farming, its methods and products.<\/p>\n\n\n\n<h3 class=\"wp-block-heading\">Bulls<\/h3>\n\n\n\n<p>Bulls are part of the Camargue landscape. They have become emblematic animals of the area. It is a local species, the <em>Ra\u00e7o di Bi\u00f2u<\/em>, that grazes in the Camargue. They are lighter, more nervous and faster than their Spanish cousins. They carry the sturdy character of the land they grow up in. They are exclusively raised in outdoor and semi-free-range farms called <em>Manades. <\/em>This extensive breeding method contributes to the maintenance of the Camargue habitats.<\/p>\n\n\n\n<p>This breed is still considered a wild one. It was used for agricultural work before moving on to bullfighting and especially the <em>Course Camarguaise<\/em>. The bulls that are not selected for the games are intended for consumption. The meat of the <em>AOP taureau de Camargue<\/em> (certified origin) is particularly appreciated in a famous local stew: the <em>gardiane de taureau<\/em>.<\/p>\n\n\n<figure class=\"wp-block-image size-full align\"><a href=https:\/\/destination-camargue.fr\/wp-content\/uploads\/2024\/10\/TES_9359_00336-G.Lebreton-bd.jpg title=\"\" rel=\"prettyPhoto\"><img src=https:\/\/destination-camargue.fr\/wp-content\/uploads\/2024\/10\/TES_9359_00336-G.Lebreton-bd.jpg alt=\"Manadier et taureaux en Camargue\" title=\"TES_9359_00336-G.Lebreton-bd\" class=\"wp-image-242172\"\/><\/a><figcaption class=\"text-start\"><span>&copy; G. Lebreton<\/span><\/figcaption><\/figure>\n\n\n<h4 class=\"wp-block-heading\">Bull games<\/h4>\n\n\n\n<p>In the arena, the valiant <em>bi\u00f2u <\/em>defends the attributes placed on his horns against the <em>raseteurs<\/em>, who must catch them with a hook. After spectacular performances with the fighters during a <em>Course Camarguaise<\/em>, the most courageous bulls can become real stars of the arenas. They are the pride of their owners and their manades.<\/p>\n\n\n\n<p>In the Camargue and beyond (the departments of Gard and H\u00e9rault strongly influenced by the Camargue culture), each village lives to the rhythm of the <em>abrivados <\/em>and <em>bandidos <\/em>during the votive festivals.<\/p>\n\n\n\n<p>Approximately 18,000 to 20,000 bulls are raised in more than 150 <em>manades<\/em>. The horses, inseparable from the bulls, are closely associated with the work of the <em>gardian <\/em>who leads the sorting of livestock.<\/p>\n\n\n\n<h3 class=\"wp-block-heading\">Camargue horses<\/h3>\n\n\n<div class=\"wp-block-image\"><figure class=\"size-full aligncenter\"><a href=https:\/\/destination-camargue.fr\/wp-content\/uploads\/2024\/10\/Cheval_gardian\u00a9S.Disset-bd.jpg title=\"\" rel=\"prettyPhoto\"><img src=https:\/\/destination-camargue.fr\/wp-content\/uploads\/2024\/10\/Cheval_gardian\u00a9S.Disset-bd.jpg alt=\"Cheval blanc de Camargue\" title=\"Cheval_gardian\u00a9S.Disset-bd\" class=\"wp-image-242176\"\/><\/a><figcaption class=\"text-start\"><span>&copy; S. Disset<\/span><\/figcaption><\/figure><\/div>\n\n\n<p>The Camargue horse is said to be of ancient origin, probably from Asia or Egypt. The presence of horses in the Camargue has been reported since Roman times. The breeding itself was encouraged by Julius Caesar for his army.&nbsp;&nbsp;&nbsp;<\/p>\n\n\n\n<p>Hardy and enduring, this small horse is particularly adapted to the environment and climate of the Camargue. Like the bull, it lives half-wild outdoors and feeds on a wide range of plants. It&#8217;s the reed it loves the most. Its presence contributes to the management and maintenance of wetlands.<\/p>\n\n\n\n<p>Quick, agile and cooperative, it was a workhorse, war horse, <em>C\u00e9venols&#8217; camisard<\/em> horse, before starting its mission as guide of the bull herds.<\/p>\n\n\n\n<p>If you see a young horse, you might be surprised: a Camargue foal is of bay color. Growing up, its coat gets lighter: first around the eyes and nose. It is not until being fully grown at 5 years of age that the dark gray color totally disappears. A few months after his birth, the foal is marked with the <em>manade\u2019s <\/em>arms, socialized by the <em>manadier <\/em>then broken in by a <em>gardian<\/em>. At the age of 3, once it is trained and mounted, it will live in semi-liberty and start to lead the herds. The Camargue horse is docile and has established itself as a leisure horse as well. It is used for shows, horse riding or even equine therapy.<\/p>\n\n\n\n<div class=\"wp-block-encadre color-vert\"><div class=\"encadre-block encadre-color-vert has-ui-light-color\"> \n\n        \n    <h2 class=\"text-center has-ui-light-color\">Did you know?<\/h2>\n \n    <div class=\"entry-content\"><p>A legend tells that the Camargue horse was <em>\u201cborn from sea foam\u201d<\/em>. The story says that a man pursued by a black bull on the beach of Les Saintes-Maries-de-la-Mer had no choice but to throw himself into the sea. As the waves carried him away, he was saved by a stallion sent by Neptune. The horse came out of the foam and said,<em> &#8220;I will never be your slave, but I will be your friend.&#8221;<\/em> The man tamed the stallion for three days and they became best friends. It was the first in a long line of Camargue horses.<\/p>\n<\/div> \n\n     \n\n<\/div><\/div>","protected":false},"excerpt":{"rendered":"<p>In the Camargue, human activities and nature have worked together to shape landscapes and habitats. Water, salt, earth, sand and wind were their assistants, sometimes hostile ones. <\/p>\n","protected":false},"author":1,"featured_media":242138,"parent":242495,"menu_order":2,"comment_status":"closed","ping_status":"closed","template":"","meta":{"_acf_changed":false,"inline_featured_image":false,"footnotes":""},"class_list":["post-242497","page","type-page","status-publish","has-post-thumbnail","hentry"],"acf":[],"yoast_head":"<!-- This site is optimized with the Yoast SEO plugin v26.6 - https:\/\/yoast.com\/wordpress\/plugins\/seo\/ -->\n<title>Professions on land - Destination Camargue<\/title>\n<meta name=\"robots\" content=\"index, follow, max-snippet:-1, max-image-preview:large, max-video-preview:-1\" \/>\n<link rel=\"canonical\" href=\"https:\/\/destination-camargue.fr\/en\/life-size-provence\/camargue-a-land-of-know-how\/professions-on-land\/\" \/>\n<meta property=\"og:locale\" content=\"en_US\" \/>\n<meta property=\"og:type\" content=\"article\" \/>\n<meta property=\"og:title\" content=\"Professions on land - Destination Camargue\" \/>\n<meta property=\"og:description\" content=\"In the Camargue, human activities and nature have worked together to shape landscapes and habitats. Water, salt, earth, sand and wind were their assistants, sometimes hostile ones.\" \/>\n<meta property=\"og:url\" content=\"https:\/\/destination-camargue.fr\/en\/life-size-provence\/camargue-a-land-of-know-how\/professions-on-land\/\" \/>\n<meta property=\"og:site_name\" content=\"Destination Camargue\" \/>\n<meta property=\"article:modified_time\" content=\"2024-11-13T10:42:16+00:00\" \/>\n<meta property=\"og:image\" content=\"https:\/\/destination-camargue.fr\/wp-content\/uploads\/2024\/10\/Riz@VinziStudio-bd.jpg\" \/>\n\t<meta property=\"og:image:width\" content=\"1200\" \/>\n\t<meta property=\"og:image:height\" content=\"675\" \/>\n\t<meta property=\"og:image:type\" content=\"image\/jpeg\" \/>\n<meta name=\"twitter:card\" content=\"summary_large_image\" \/>\n<meta name=\"twitter:label1\" content=\"Est. reading time\" \/>\n\t<meta name=\"twitter:data1\" content=\"10 minutes\" \/>\n<script type=\"application\/ld+json\" class=\"yoast-schema-graph\">{\"@context\":\"https:\/\/schema.org\",\"@graph\":[{\"@type\":\"WebPage\",\"@id\":\"https:\/\/destination-camargue.fr\/en\/life-size-provence\/camargue-a-land-of-know-how\/professions-on-land\/\",\"url\":\"https:\/\/destination-camargue.fr\/en\/life-size-provence\/camargue-a-land-of-know-how\/professions-on-land\/\",\"name\":\"Professions on land - Destination Camargue\",\"isPartOf\":{\"@id\":\"https:\/\/destination-camargue.fr\/en\/#website\"},\"primaryImageOfPage\":{\"@id\":\"https:\/\/destination-camargue.fr\/en\/life-size-provence\/camargue-a-land-of-know-how\/professions-on-land\/#primaryimage\"},\"image\":{\"@id\":\"https:\/\/destination-camargue.fr\/en\/life-size-provence\/camargue-a-land-of-know-how\/professions-on-land\/#primaryimage\"},\"thumbnailUrl\":\"https:\/\/destination-camargue.fr\/wp-content\/uploads\/2024\/10\/Riz@VinziStudio-bd.jpg\",\"datePublished\":\"2022-06-27T20:47:44+00:00\",\"dateModified\":\"2024-11-13T10:42:16+00:00\",\"breadcrumb\":{\"@id\":\"https:\/\/destination-camargue.fr\/en\/life-size-provence\/camargue-a-land-of-know-how\/professions-on-land\/#breadcrumb\"},\"inLanguage\":\"en-US\",\"potentialAction\":[{\"@type\":\"ReadAction\",\"target\":[\"https:\/\/destination-camargue.fr\/en\/life-size-provence\/camargue-a-land-of-know-how\/professions-on-land\/\"]}]},{\"@type\":\"ImageObject\",\"inLanguage\":\"en-US\",\"@id\":\"https:\/\/destination-camargue.fr\/en\/life-size-provence\/camargue-a-land-of-know-how\/professions-on-land\/#primaryimage\",\"url\":\"https:\/\/destination-camargue.fr\/wp-content\/uploads\/2024\/10\/Riz@VinziStudio-bd.jpg\",\"contentUrl\":\"https:\/\/destination-camargue.fr\/wp-content\/uploads\/2024\/10\/Riz@VinziStudio-bd.jpg\",\"width\":1200,\"height\":675,\"caption\":\"Riz de Camargue\"},{\"@type\":\"BreadcrumbList\",\"@id\":\"https:\/\/destination-camargue.fr\/en\/life-size-provence\/camargue-a-land-of-know-how\/professions-on-land\/#breadcrumb\",\"itemListElement\":[{\"@type\":\"ListItem\",\"position\":1,\"name\":\"Home\",\"item\":\"https:\/\/destination-camargue.fr\/en\/\"},{\"@type\":\"ListItem\",\"position\":2,\"name\":\"Life-size Provence\",\"item\":\"https:\/\/destination-camargue.fr\/en\/life-size-provence\/\"},{\"@type\":\"ListItem\",\"position\":3,\"name\":\"A land of know-how\",\"item\":\"https:\/\/destination-camargue.fr\/en\/life-size-provence\/camargue-a-land-of-know-how\/\"},{\"@type\":\"ListItem\",\"position\":4,\"name\":\"Professions on land\"}]},{\"@type\":\"WebSite\",\"@id\":\"https:\/\/destination-camargue.fr\/en\/#website\",\"url\":\"https:\/\/destination-camargue.fr\/en\/\",\"name\":\"Destination Camargue\",\"description\":\"La Camargue, naturellement humaine\",\"potentialAction\":[{\"@type\":\"SearchAction\",\"target\":{\"@type\":\"EntryPoint\",\"urlTemplate\":\"https:\/\/destination-camargue.fr\/en\/?s={search_term_string}\"},\"query-input\":{\"@type\":\"PropertyValueSpecification\",\"valueRequired\":true,\"valueName\":\"search_term_string\"}}],\"inLanguage\":\"en-US\"}]}<\/script>\n<!-- \/ Yoast SEO plugin. -->","yoast_head_json":{"title":"Professions on land - Destination Camargue","robots":{"index":"index","follow":"follow","max-snippet":"max-snippet:-1","max-image-preview":"max-image-preview:large","max-video-preview":"max-video-preview:-1"},"canonical":"https:\/\/destination-camargue.fr\/en\/life-size-provence\/camargue-a-land-of-know-how\/professions-on-land\/","og_locale":"en_US","og_type":"article","og_title":"Professions on land - Destination Camargue","og_description":"In the Camargue, human activities and nature have worked together to shape landscapes and habitats. Water, salt, earth, sand and wind were their assistants, sometimes hostile ones.","og_url":"https:\/\/destination-camargue.fr\/en\/life-size-provence\/camargue-a-land-of-know-how\/professions-on-land\/","og_site_name":"Destination Camargue","article_modified_time":"2024-11-13T10:42:16+00:00","og_image":[{"width":1200,"height":675,"url":"https:\/\/destination-camargue.fr\/wp-content\/uploads\/2024\/10\/Riz@VinziStudio-bd.jpg","type":"image\/jpeg"}],"twitter_card":"summary_large_image","twitter_misc":{"Est. reading time":"10 minutes"},"schema":{"@context":"https:\/\/schema.org","@graph":[{"@type":"WebPage","@id":"https:\/\/destination-camargue.fr\/en\/life-size-provence\/camargue-a-land-of-know-how\/professions-on-land\/","url":"https:\/\/destination-camargue.fr\/en\/life-size-provence\/camargue-a-land-of-know-how\/professions-on-land\/","name":"Professions on land - Destination Camargue","isPartOf":{"@id":"https:\/\/destination-camargue.fr\/en\/#website"},"primaryImageOfPage":{"@id":"https:\/\/destination-camargue.fr\/en\/life-size-provence\/camargue-a-land-of-know-how\/professions-on-land\/#primaryimage"},"image":{"@id":"https:\/\/destination-camargue.fr\/en\/life-size-provence\/camargue-a-land-of-know-how\/professions-on-land\/#primaryimage"},"thumbnailUrl":"https:\/\/destination-camargue.fr\/wp-content\/uploads\/2024\/10\/Riz@VinziStudio-bd.jpg","datePublished":"2022-06-27T20:47:44+00:00","dateModified":"2024-11-13T10:42:16+00:00","breadcrumb":{"@id":"https:\/\/destination-camargue.fr\/en\/life-size-provence\/camargue-a-land-of-know-how\/professions-on-land\/#breadcrumb"},"inLanguage":"en-US","potentialAction":[{"@type":"ReadAction","target":["https:\/\/destination-camargue.fr\/en\/life-size-provence\/camargue-a-land-of-know-how\/professions-on-land\/"]}]},{"@type":"ImageObject","inLanguage":"en-US","@id":"https:\/\/destination-camargue.fr\/en\/life-size-provence\/camargue-a-land-of-know-how\/professions-on-land\/#primaryimage","url":"https:\/\/destination-camargue.fr\/wp-content\/uploads\/2024\/10\/Riz@VinziStudio-bd.jpg","contentUrl":"https:\/\/destination-camargue.fr\/wp-content\/uploads\/2024\/10\/Riz@VinziStudio-bd.jpg","width":1200,"height":675,"caption":"Riz de Camargue"},{"@type":"BreadcrumbList","@id":"https:\/\/destination-camargue.fr\/en\/life-size-provence\/camargue-a-land-of-know-how\/professions-on-land\/#breadcrumb","itemListElement":[{"@type":"ListItem","position":1,"name":"Home","item":"https:\/\/destination-camargue.fr\/en\/"},{"@type":"ListItem","position":2,"name":"Life-size Provence","item":"https:\/\/destination-camargue.fr\/en\/life-size-provence\/"},{"@type":"ListItem","position":3,"name":"A land of know-how","item":"https:\/\/destination-camargue.fr\/en\/life-size-provence\/camargue-a-land-of-know-how\/"},{"@type":"ListItem","position":4,"name":"Professions on land"}]},{"@type":"WebSite","@id":"https:\/\/destination-camargue.fr\/en\/#website","url":"https:\/\/destination-camargue.fr\/en\/","name":"Destination Camargue","description":"La Camargue, naturellement humaine","potentialAction":[{"@type":"SearchAction","target":{"@type":"EntryPoint","urlTemplate":"https:\/\/destination-camargue.fr\/en\/?s={search_term_string}"},"query-input":{"@type":"PropertyValueSpecification","valueRequired":true,"valueName":"search_term_string"}}],"inLanguage":"en-US"}]}},"_links":{"self":[{"href":"https:\/\/destination-camargue.fr\/en\/wp-json\/wp\/v2\/pages\/242497","targetHints":{"allow":["GET"]}}],"collection":[{"href":"https:\/\/destination-camargue.fr\/en\/wp-json\/wp\/v2\/pages"}],"about":[{"href":"https:\/\/destination-camargue.fr\/en\/wp-json\/wp\/v2\/types\/page"}],"author":[{"embeddable":true,"href":"https:\/\/destination-camargue.fr\/en\/wp-json\/wp\/v2\/users\/1"}],"replies":[{"embeddable":true,"href":"https:\/\/destination-camargue.fr\/en\/wp-json\/wp\/v2\/comments?post=242497"}],"version-history":[{"count":2,"href":"https:\/\/destination-camargue.fr\/en\/wp-json\/wp\/v2\/pages\/242497\/revisions"}],"predecessor-version":[{"id":242590,"href":"https:\/\/destination-camargue.fr\/en\/wp-json\/wp\/v2\/pages\/242497\/revisions\/242590"}],"up":[{"embeddable":true,"href":"https:\/\/destination-camargue.fr\/en\/wp-json\/wp\/v2\/pages\/242495"}],"wp:featuredmedia":[{"embeddable":true,"href":"https:\/\/destination-camargue.fr\/en\/wp-json\/wp\/v2\/media\/242138"}],"wp:attachment":[{"href":"https:\/\/destination-camargue.fr\/en\/wp-json\/wp\/v2\/media?parent=242497"}],"curies":[{"name":"wp","href":"https:\/\/api.w.org\/{rel}","templated":true}]}}