{"id":242407,"date":"2022-12-27T12:49:06","date_gmt":"2022-12-27T12:49:06","guid":{"rendered":"https:\/\/destination-camargue.fr\/?page_id=242407"},"modified":"2024-11-12T17:09:34","modified_gmt":"2024-11-12T17:09:34","slug":"marshes-and-ponds","status":"publish","type":"page","link":"https:\/\/destination-camargue.fr\/en\/life-size-provence\/marshes-and-ponds\/","title":{"rendered":"Marshes and ponds"},"content":{"rendered":"\n<h2 class=\"wp-block-heading\">The marshes and reed beds of the fluvio-lacustrine Camargue<\/h2>\n\n\n\n<p>In the northern part of the Camargue, the three large marshes (Saliers, Pont de Rousty and Grand Mar) are surrounded by a multitude of smaller marshes expanding east and west of the Vaccar\u00e8s pond. Sweet or barely salty, these shallow marshes are covered with vast reed beds, a suitable habitat for the reproduction of many bird species. These areas are pastures for bulls and horses from spring to autumn.<\/p>\n\n\n\n<h3 class=\"wp-block-heading\">Les Vigueirat marshes<\/h3>\n\n\n\n<p>At the junction of the Rh\u00f4ne delta and the Crau, the Vigueirat marshes are a protected natural site where more than 2,000 animal and plant species are recorded. On foot, on horseback or in a carriage, with or without a guide\u2026 Nature is waiting for you!<\/p>\n\n\n\n<h3 class=\"wp-block-heading\">The Vaccar\u00e8s, pond-king of the Camargue<\/h3>\n\n\n\n<p>The Vaccar\u00e8s is the largest pond in the Camargue, extending over 6,500 hectares with a depth that does not exceed 2 meters. The site of Vaccar\u00e8s is nearly identical to the area of the Camargue National Nature Reserve.<\/p>\n\n\n\n<p>The site is managed by the <em>Soci\u00e9t\u00e9 nationale de protection de la nature<\/em> (SNPN) welcoming visitors at it\u2019s entry spot: <em>La Capeli\u00e8re, Maison de la R\u00e9serve et du Vaccar\u00e8s.<\/em><\/p>\n\n\n<div class=\"wp-block-image\"><figure class=\"size-full aligncenter\"><a href=https:\/\/destination-camargue.fr\/wp-content\/uploads\/2024\/09\/20060330-133525_13-Vaccares_\u00a9Opus_Species-bd.jpg title=\"\" rel=\"prettyPhoto\"><img src=https:\/\/destination-camargue.fr\/wp-content\/uploads\/2024\/09\/20060330-133525_13-Vaccares_\u00a9Opus_Species-bd.jpg alt=\"Etang de Vaccares\" title=\"20060330-133525_13-Vaccare\u0300s_\u00a9Opus_Species-bd\" class=\"wp-image-240279\"\/><\/a><figcaption class=\"text-start\"><span>&copy; Opus Species<\/span><\/figcaption><\/figure><\/div>\n\n\n<h2 class=\"wp-block-heading\">The salt marshes, a reconquest<\/h2>\n\n\n\n<p>On the Salin-de-Giraud site, nature takes back its rights where men had shaped the landscape for the industrial exploitation of salt. In 2007, the <em>Salins du Midi <\/em>company sold more than 6,000 hectares to the <em>Conservatoire du Littoral<\/em>.<\/p>\n\n\n\n<p>Discover this site by following the circuit \u201cOf salt and flamingos\u201d.<\/p>\n\n\n<figure class=\"wp-block-image size-large align\"><a href=https:\/\/destination-camargue.fr\/wp-content\/uploads\/2024\/09\/salins-du-midi-technique-du-contre-sel-bd.jpg title=\"\" rel=\"prettyPhoto\"><img src=https:\/\/destination-camargue.fr\/wp-content\/uploads\/2024\/09\/salins-du-midi-technique-du-contre-sel-bd-1200x728.jpg alt=\"Salins du midi et la technique du sel contre sel\" title=\"salins-du-midi-technique-du-contre-sel-bd\" class=\"wp-image-240033\"\/><\/a><\/figure>","protected":false},"excerpt":{"rendered":"<p>About 10,000 years ago, the gradual recession of the sea and the deposits of alluvium from the various Rh\u00f4ne river beds gave way to the Rh\u00f4ne Delta. Sandy strips formed and marked shorelines, creating lagoons isolated from the sea and characterized by brackish or salty waters.<br \/>\nThus were born the ponds and marshes of the Camargue forming the largest wetland of the Mediterranean, after the Nile. <\/p>\n","protected":false},"author":1,"featured_media":242322,"parent":221767,"menu_order":11,"comment_status":"closed","ping_status":"closed","template":"","meta":{"_acf_changed":false,"inline_featured_image":false,"footnotes":""},"class_list":["post-242407","page","type-page","status-publish","has-post-thumbnail","hentry"],"acf":[],"yoast_head":"<!-- This site is optimized with the Yoast SEO plugin v26.6 - https:\/\/yoast.com\/wordpress\/plugins\/seo\/ -->\n<title>Marshes and ponds - Destination Camargue<\/title>\n<meta name=\"robots\" content=\"index, follow, max-snippet:-1, max-image-preview:large, max-video-preview:-1\" \/>\n<link rel=\"canonical\" href=\"https:\/\/destination-camargue.fr\/en\/life-size-provence\/marshes-and-ponds\/\" \/>\n<meta property=\"og:locale\" content=\"en_US\" \/>\n<meta property=\"og:type\" content=\"article\" \/>\n<meta property=\"og:title\" content=\"Marshes and ponds - Destination Camargue\" \/>\n<meta property=\"og:description\" content=\"About 10,000 years ago, the gradual recession of the sea and the deposits of alluvium from the various Rh\u00f4ne river beds gave way to the Rh\u00f4ne Delta. Sandy strips formed and marked shorelines, creating lagoons isolated from the sea and characterized by brackish or salty waters. Thus were born the ponds and marshes of the Camargue forming the largest wetland of the Mediterranean, after the Nile.\" \/>\n<meta property=\"og:url\" content=\"https:\/\/destination-camargue.fr\/en\/life-size-provence\/marshes-and-ponds\/\" \/>\n<meta property=\"og:site_name\" content=\"Destination Camargue\" \/>\n<meta property=\"article:modified_time\" content=\"2024-11-12T17:09:34+00:00\" \/>\n<meta property=\"og:image\" content=\"https:\/\/destination-camargue.fr\/wp-content\/uploads\/2024\/10\/S-DISSET-8-recadree-1.jpg\" \/>\n\t<meta property=\"og:image:width\" content=\"1000\" \/>\n\t<meta property=\"og:image:height\" content=\"1000\" \/>\n\t<meta property=\"og:image:type\" content=\"image\/jpeg\" \/>\n<meta name=\"twitter:card\" content=\"summary_large_image\" \/>\n<meta name=\"twitter:label1\" content=\"Est. reading time\" \/>\n\t<meta name=\"twitter:data1\" content=\"2 minutes\" \/>\n<script type=\"application\/ld+json\" class=\"yoast-schema-graph\">{\"@context\":\"https:\/\/schema.org\",\"@graph\":[{\"@type\":\"WebPage\",\"@id\":\"https:\/\/destination-camargue.fr\/en\/life-size-provence\/marshes-and-ponds\/\",\"url\":\"https:\/\/destination-camargue.fr\/en\/life-size-provence\/marshes-and-ponds\/\",\"name\":\"Marshes and ponds - Destination Camargue\",\"isPartOf\":{\"@id\":\"https:\/\/destination-camargue.fr\/en\/#website\"},\"primaryImageOfPage\":{\"@id\":\"https:\/\/destination-camargue.fr\/en\/life-size-provence\/marshes-and-ponds\/#primaryimage\"},\"image\":{\"@id\":\"https:\/\/destination-camargue.fr\/en\/life-size-provence\/marshes-and-ponds\/#primaryimage\"},\"thumbnailUrl\":\"https:\/\/destination-camargue.fr\/wp-content\/uploads\/2024\/10\/S-DISSET-8-recadree-1.jpg\",\"datePublished\":\"2022-12-27T12:49:06+00:00\",\"dateModified\":\"2024-11-12T17:09:34+00:00\",\"breadcrumb\":{\"@id\":\"https:\/\/destination-camargue.fr\/en\/life-size-provence\/marshes-and-ponds\/#breadcrumb\"},\"inLanguage\":\"en-US\",\"potentialAction\":[{\"@type\":\"ReadAction\",\"target\":[\"https:\/\/destination-camargue.fr\/en\/life-size-provence\/marshes-and-ponds\/\"]}]},{\"@type\":\"ImageObject\",\"inLanguage\":\"en-US\",\"@id\":\"https:\/\/destination-camargue.fr\/en\/life-size-provence\/marshes-and-ponds\/#primaryimage\",\"url\":\"https:\/\/destination-camargue.fr\/wp-content\/uploads\/2024\/10\/S-DISSET-8-recadree-1.jpg\",\"contentUrl\":\"https:\/\/destination-camargue.fr\/wp-content\/uploads\/2024\/10\/S-DISSET-8-recadree-1.jpg\",\"width\":1000,\"height\":1000},{\"@type\":\"BreadcrumbList\",\"@id\":\"https:\/\/destination-camargue.fr\/en\/life-size-provence\/marshes-and-ponds\/#breadcrumb\",\"itemListElement\":[{\"@type\":\"ListItem\",\"position\":1,\"name\":\"Home\",\"item\":\"https:\/\/destination-camargue.fr\/en\/\"},{\"@type\":\"ListItem\",\"position\":2,\"name\":\"Life-size Provence\",\"item\":\"https:\/\/destination-camargue.fr\/en\/life-size-provence\/\"},{\"@type\":\"ListItem\",\"position\":3,\"name\":\"Marshes and ponds\"}]},{\"@type\":\"WebSite\",\"@id\":\"https:\/\/destination-camargue.fr\/en\/#website\",\"url\":\"https:\/\/destination-camargue.fr\/en\/\",\"name\":\"Destination Camargue\",\"description\":\"La Camargue, naturellement humaine\",\"potentialAction\":[{\"@type\":\"SearchAction\",\"target\":{\"@type\":\"EntryPoint\",\"urlTemplate\":\"https:\/\/destination-camargue.fr\/en\/?s={search_term_string}\"},\"query-input\":{\"@type\":\"PropertyValueSpecification\",\"valueRequired\":true,\"valueName\":\"search_term_string\"}}],\"inLanguage\":\"en-US\"}]}<\/script>\n<!-- \/ Yoast SEO plugin. -->","yoast_head_json":{"title":"Marshes and ponds - Destination Camargue","robots":{"index":"index","follow":"follow","max-snippet":"max-snippet:-1","max-image-preview":"max-image-preview:large","max-video-preview":"max-video-preview:-1"},"canonical":"https:\/\/destination-camargue.fr\/en\/life-size-provence\/marshes-and-ponds\/","og_locale":"en_US","og_type":"article","og_title":"Marshes and ponds - Destination Camargue","og_description":"About 10,000 years ago, the gradual recession of the sea and the deposits of alluvium from the various Rh\u00f4ne river beds gave way to the Rh\u00f4ne Delta. Sandy strips formed and marked shorelines, creating lagoons isolated from the sea and characterized by brackish or salty waters. Thus were born the ponds and marshes of the Camargue forming the largest wetland of the Mediterranean, after the Nile.","og_url":"https:\/\/destination-camargue.fr\/en\/life-size-provence\/marshes-and-ponds\/","og_site_name":"Destination Camargue","article_modified_time":"2024-11-12T17:09:34+00:00","og_image":[{"width":1000,"height":1000,"url":"https:\/\/destination-camargue.fr\/wp-content\/uploads\/2024\/10\/S-DISSET-8-recadree-1.jpg","type":"image\/jpeg"}],"twitter_card":"summary_large_image","twitter_misc":{"Est. reading time":"2 minutes"},"schema":{"@context":"https:\/\/schema.org","@graph":[{"@type":"WebPage","@id":"https:\/\/destination-camargue.fr\/en\/life-size-provence\/marshes-and-ponds\/","url":"https:\/\/destination-camargue.fr\/en\/life-size-provence\/marshes-and-ponds\/","name":"Marshes and ponds - Destination Camargue","isPartOf":{"@id":"https:\/\/destination-camargue.fr\/en\/#website"},"primaryImageOfPage":{"@id":"https:\/\/destination-camargue.fr\/en\/life-size-provence\/marshes-and-ponds\/#primaryimage"},"image":{"@id":"https:\/\/destination-camargue.fr\/en\/life-size-provence\/marshes-and-ponds\/#primaryimage"},"thumbnailUrl":"https:\/\/destination-camargue.fr\/wp-content\/uploads\/2024\/10\/S-DISSET-8-recadree-1.jpg","datePublished":"2022-12-27T12:49:06+00:00","dateModified":"2024-11-12T17:09:34+00:00","breadcrumb":{"@id":"https:\/\/destination-camargue.fr\/en\/life-size-provence\/marshes-and-ponds\/#breadcrumb"},"inLanguage":"en-US","potentialAction":[{"@type":"ReadAction","target":["https:\/\/destination-camargue.fr\/en\/life-size-provence\/marshes-and-ponds\/"]}]},{"@type":"ImageObject","inLanguage":"en-US","@id":"https:\/\/destination-camargue.fr\/en\/life-size-provence\/marshes-and-ponds\/#primaryimage","url":"https:\/\/destination-camargue.fr\/wp-content\/uploads\/2024\/10\/S-DISSET-8-recadree-1.jpg","contentUrl":"https:\/\/destination-camargue.fr\/wp-content\/uploads\/2024\/10\/S-DISSET-8-recadree-1.jpg","width":1000,"height":1000},{"@type":"BreadcrumbList","@id":"https:\/\/destination-camargue.fr\/en\/life-size-provence\/marshes-and-ponds\/#breadcrumb","itemListElement":[{"@type":"ListItem","position":1,"name":"Home","item":"https:\/\/destination-camargue.fr\/en\/"},{"@type":"ListItem","position":2,"name":"Life-size Provence","item":"https:\/\/destination-camargue.fr\/en\/life-size-provence\/"},{"@type":"ListItem","position":3,"name":"Marshes and ponds"}]},{"@type":"WebSite","@id":"https:\/\/destination-camargue.fr\/en\/#website","url":"https:\/\/destination-camargue.fr\/en\/","name":"Destination Camargue","description":"La Camargue, naturellement humaine","potentialAction":[{"@type":"SearchAction","target":{"@type":"EntryPoint","urlTemplate":"https:\/\/destination-camargue.fr\/en\/?s={search_term_string}"},"query-input":{"@type":"PropertyValueSpecification","valueRequired":true,"valueName":"search_term_string"}}],"inLanguage":"en-US"}]}},"_links":{"self":[{"href":"https:\/\/destination-camargue.fr\/en\/wp-json\/wp\/v2\/pages\/242407","targetHints":{"allow":["GET"]}}],"collection":[{"href":"https:\/\/destination-camargue.fr\/en\/wp-json\/wp\/v2\/pages"}],"about":[{"href":"https:\/\/destination-camargue.fr\/en\/wp-json\/wp\/v2\/types\/page"}],"author":[{"embeddable":true,"href":"https:\/\/destination-camargue.fr\/en\/wp-json\/wp\/v2\/users\/1"}],"replies":[{"embeddable":true,"href":"https:\/\/destination-camargue.fr\/en\/wp-json\/wp\/v2\/comments?post=242407"}],"version-history":[{"count":2,"href":"https:\/\/destination-camargue.fr\/en\/wp-json\/wp\/v2\/pages\/242407\/revisions"}],"predecessor-version":[{"id":242467,"href":"https:\/\/destination-camargue.fr\/en\/wp-json\/wp\/v2\/pages\/242407\/revisions\/242467"}],"up":[{"embeddable":true,"href":"https:\/\/destination-camargue.fr\/en\/wp-json\/wp\/v2\/pages\/221767"}],"wp:featuredmedia":[{"embeddable":true,"href":"https:\/\/destination-camargue.fr\/en\/wp-json\/wp\/v2\/media\/242322"}],"wp:attachment":[{"href":"https:\/\/destination-camargue.fr\/en\/wp-json\/wp\/v2\/media?parent=242407"}],"curies":[{"name":"wp","href":"https:\/\/api.w.org\/{rel}","templated":true}]}}