{"id":242404,"date":"2022-11-20T14:45:17","date_gmt":"2022-11-20T14:45:17","guid":{"rendered":"https:\/\/destination-camargue.fr\/?page_id=242404"},"modified":"2024-11-12T16:49:55","modified_gmt":"2024-11-12T16:49:55","slug":"port-saint-louis-du-rhone","status":"publish","type":"page","link":"https:\/\/destination-camargue.fr\/en\/life-size-provence\/port-saint-louis-du-rhone\/","title":{"rendered":"Port-Saint-Louis-du-Rh\u00f4ne"},"content":{"rendered":"\n<p>The destiny of Port Saint-Louis du Rh\u00f4ne changed in 1711 when a large flood unexpectedly designed a new river bed, submerging most of the territory. For the next century, important works aimed to confine the new river arm, dig the Saint Louis canal and develop the port. The city became the outer harbor of Arles until the beginning of the 20th century. In the 1960s, the development of the industrial port area of Fos-sur-Mer monopolized harbor activities to the detriment of Port Saint-Louis du Rh\u00f4ne. But the beautiful landscapes and the special town character allow the city to switch economic activities to seaside tourism and water sports.\u00a0 Port Saint-Louis du Rh\u00f4ne has managed to adapt to new economic realities and to revitalize its territory, to promote it and do anything necessary to preserve the quality of life.<\/p>\n\n\n<figure class=\"wp-block-image size-full align\"><a href=https:\/\/destination-camargue.fr\/wp-content\/uploads\/2024\/10\/Port-Saint-Louis_Port-de-peche_cllc_\u00a9Opus_Species-bd.jpg title=\"\" rel=\"prettyPhoto\"><img src=https:\/\/destination-camargue.fr\/wp-content\/uploads\/2024\/10\/Port-Saint-Louis_Port-de-peche_cllc_\u00a9Opus_Species-bd.jpg alt=\"Vue a\u00e9rienne de Port-Saint-Louis-du-Rh\u00f4ne\" title=\"Port-Saint-Louis_Port-de-pe\u0302che_cllc_\u00a9Opus_Species-bd\" class=\"wp-image-241522\"\/><\/a><figcaption class=\"text-start\"><span>&copy; Opus Species<\/span><\/figcaption><\/figure>\n\n\n<h2 class=\"wp-block-heading\">Amazing spots in Port-Saint-Louis-du-Rh\u00f4ne<\/h2>\n\n\n\n<h3 class=\"wp-block-heading\"><strong>The Saint-Louis<\/strong> <strong>tower<\/strong><\/h3>\n\n\n<div class=\"wp-block-image\"><figure class=\"size-large alignright\"><a href=https:\/\/destination-camargue.fr\/wp-content\/uploads\/2024\/09\/Tour-St-Louis_OTPSL-scaled.jpg title=\"\" rel=\"prettyPhoto\"><img src=https:\/\/destination-camargue.fr\/wp-content\/uploads\/2024\/09\/Tour-St-Louis_OTPSL-1200x900.jpg alt=\"Tour Saint Louis\" title=\"Tour St Louis_OTPSL\"  width=\"300px\" class=\"wp-image-240022\"\/><\/a><figcaption class=\"text-start\"><span>&copy; OT Port-Saint-Louis-du-Rh\u00f4ne<\/span><\/figcaption><\/figure><\/div>\n\n\n<p>Built in 1737, it was both a watchtower and a refuge for the population. Today, it houses the tourist office and an exceptional ornithological collection. From its terrace, you can admire the stunning panorama of the Camargue, from the Rh\u00f4ne to the salt marshes. The gardens around the Tower reach out to the banks of the Rh\u00f4ne. Have yourself a family moment there before moving on to a game of mini-golf.<\/p>\n\n\n\n<h3 class=\"wp-block-heading\"><strong>The <em>cabanons<\/em><\/strong><\/h3>\n\n\n<div class=\"wp-block-image\"><figure class=\"size-full alignright\"><a href=https:\/\/destination-camargue.fr\/wp-content\/uploads\/2024\/10\/cabanon-2-bd-edited.jpg title=\"\" rel=\"prettyPhoto\"><img src=https:\/\/destination-camargue.fr\/wp-content\/uploads\/2024\/10\/cabanon-2-bd-edited.jpg alt=\"\" title=\"cabanon-2-bd\"  width=\"300px\" class=\"wp-image-241519\"\/><\/a><\/figure><\/div>\n\n\n<p>Dockers and shipyard workers were the first inhabitants of Port Saint-Louis. They built small houses between the river and the sea. These rough and ready constructions built with reused materials and resources from the marshes are typical of the close-to-nature way of life of the PortSaint-Louisians. They represent a true popular heritage that is passed on from generation to generation.<\/p>\n\n\n\n<div class=\"wp-block-zoom color-vert\">\n\n    <div class=\"container\">\n        \n        <div class=\"row-block row justify-content-center justify-content-lg-start\">\n\n            <div class=\"col-block text-start col-11 col-sm-9 col-md-8 col-lg-4 col-xl-3\"><div class=\"block\"><div class=\"block-content has-green-background-color\">\n\n                <p class=\"entry-subtitle has-beige-color\">Zoom<\/p> \n\n                <h2 class=\"has-ui-light-color\">The Barcarin ferry <\/h2>\n\n                <div class=\"entry-content has-ui-light-color\">The Barcarin ferry connects the towns Port Saint-Louis du Rh\u00f4ne and Salin-de-Giraud via the river Rh\u00f4ne. It\u2019s the only way to avoid driving all the way back and forth to Arles. The ferry can be used by cars, campers and small trucks. It is free for cyclists and pedestrians. Enjoy the 10 minutes of crossing before arriving at your destination. Children love it!<\/div> \n\n                  \n\n            <\/div><\/div><\/div>   \n\n        <\/div>\n        \n        <div class=\"row-img row \">\n\n            <div class=\"col-img col-12\">\n                <img decoding=\"async\" class=\"img-fluid\" src=\"https:\/\/destination-camargue.fr\/wp-content\/uploads\/2024\/09\/Bac-de-Barcarin-bd-1-1200x675.jpg\" alt=\"Le Bac de Barcarin\" \/>\n                                            <\/div>\n\n        <\/div>\n\n    <\/div> \n\n<\/div>\n\n\n<h2 class=\"wp-block-heading\">Discover and enjoy Port-Saint-Louis-du-Rh\u00f4ne<\/h2>\n\n\n\n<h3 class=\"wp-block-heading\"><strong>Swimming, water activities, fishing<\/strong><\/h3>\n\n\n\n<p>The beaches of Port Saint-Louis du Rh\u00f4ne are surrounded by protected areas. Make the most of it by observing and reconnecting to nature.<\/p>\n\n\n\n<h4 class=\"wp-block-heading\">Looking for coldness?<\/h4>\n\n\n\n<p>Close to the city center, you will find the beach Olga with its picturesque little port and over 350 meters of family approved sandbank. It is very popular with sailing, windsurfing, kitesurfing and funboard enthusiasts.<\/p>\n\n\n\n<p>At the municipal nautical base of Carteau, on the Presqu&#8217;\u00eele du Mazet, a wide range of water activities is proposed to single travelers, groups and families.<\/p>\n\n\n\n<h4 class=\"wp-block-heading\">Looking for nature?<\/h4>\n\n\n\n<p>The beach Napoleon with its large dunes is one of the largest beaches in the Camargue: 10 kilometers of fine sand invite visitors to fully enjoy the Mediterranean. To get there, leave the city center, pass the lock and take the Route Napol\u00e9on. Flamingos, wild ducks, ponds and marshes, reeds will lead the way. In summer, a bus serves the beach and lifeguards watch over the safety of swimmers.<\/p>\n\n\n<div class=\"wp-block-image\"><figure class=\"size-full aligncenter\"><a href=https:\/\/destination-camargue.fr\/wp-content\/uploads\/2024\/10\/Kite_surf_\u00a9Pauline_Daniel-bd.jpg title=\"\" rel=\"prettyPhoto\"><img src=https:\/\/destination-camargue.fr\/wp-content\/uploads\/2024\/10\/Kite_surf_\u00a9Pauline_Daniel-bd.jpg alt=\"Kite surf en Camargue\" title=\"Kite_surf_\u00a9Pauline_Daniel-bd\" class=\"wp-image-241525\"\/><\/a><figcaption class=\"text-start\"><span>&copy; P. Daniel<\/span><\/figcaption><\/figure><\/div>\n\n\n<h4 class=\"wp-block-heading\">Looking for action?<\/h4>\n\n\n\n<p>Have you ever tried sailing on land, or rather on sand. Get started and practice sand yachting. The association Green Bull, affiliated to the French Federation of Sand Yachting proposes this activity. Reach out for unique sensations on the great beach Napoleon.<\/p>\n\n\n\n<h4 class=\"wp-block-heading\">Looking for space?<\/h4>\n\n\n\n<p>Check out a spot across Olga beach, a well-known kitesurf spot with shallow water. Located in the cove of Carteau, a Natura 2000 site, you can practice angling on the banks of the dike that leads to the lighthouse. You can also go sailing with the nautical center or choose other activities.<\/p>\n\n\n\n<h4 class=\"wp-block-heading\">Escape<\/h4>\n\n\n\n<p>Take a typical local boat called <em>N\u00e9go-chin<\/em> for an unusual visit in a marsh with mangrove-like nature. <em>N\u00e9go-Chin<\/em> means <em>dog drowner<\/em>, it\u2019s a rather unstable boat.\u00a0 Your guide \u201cpart\u00e8gue\u201d with the long wooden pole, pushing it into the swampy ground to move the boat forward. Be sure to disconnect and enter into symbiosis with nature. Booking at the Tourist Office of Port Saint-Louis du Rh\u00f4ne.<\/p>\n\n\n\n<h3 class=\"wp-block-heading\">Highlights<\/h3>\n\n\n\n<h4 class=\"wp-block-heading\">The Camargue and Rh\u00f4ne delta Festival<\/h4>\n\n\n\n<p><strong>In May<\/strong>, during 5 days, the festival offers outings, exhibitions, shows, master classes and workshops on nature and biodiversity of the Rh\u00f4ne delta. On foot, on horseback, by bike or on a boat, more than a hundred guided outings are organized throughout the delta, from Saintes-Maries-de-la-Mer to Port-Saint-Louis and Arles. One day is dedicated to local traditions and know-how. Producers and craftsmen of the Camargue showcase their art and productions..<\/p>\n\n\n\n<h4 class=\"wp-block-heading\">The harbor evenings by the Docks<\/h4>\n\n\n\n<p><strong>In July and August<\/strong>, every evening, restaurants and local producers welcome you in the marina to savor local specialities and seafood. The Festival committee of Port-Saint-Louis du Rh\u00f4ne guarantees a musical and festive ambiance and family atmosphere.<\/p>\n\n\n\n<h4 class=\"wp-block-heading\">Harbor wednesdays by<em> Citron Jaune<\/em><\/h4>\n\n\n\n<p>A free street art festival with the harbor as a background. An eccentric program with a large range of high quality street art performances throughout the month of July.<\/p>\n\n\n\n<div class=\"wp-block-encadre color-beige\"><div class=\"encadre-block encadre-color-beige has-ui-dark-color\"> \n\n    <img decoding=\"async\" src=\"https:\/\/destination-camargue.fr\/wp-content\/themes\/wp-bootstrap-camargue\/img\/icones\/ecotourisme.svg\" alt=\"\" \/>    \n    <h2 class=\"text-center has-dark-beige-color\">Ecotourisme &#8211; Nature walks<\/h2>\n \n    <div class=\"entry-content\"><p><!-- wp:paragraph --><\/p>\n<p>It\u2019s a lovely 2,5 hours walk along the embouchure of the Rh\u00f4ne, between dunes and marshes. The They du Mazet is a sand formation shaped by the sea and the river. It bears witness to the changes in the Rh\u00f4ne delta over time. Regularly submerged, it is a feeding, resting and breeding area for many bird species. Along the trail, you will find many points of interest and viewpoint diagrams freely accessible throughout the year. .<\/p>\n<p>Port Saint-Louis du Rh\u00f4ne is also the arrival point of the ViaRh\u00f4ne, a 815 km cycling trail starting at the Franco-Swiss border. You can also choose the Van Gogh bridge in Arles as a starting point, leaving a route of 53 km to Port Saint-Louis du Rh\u00f4ne.<\/p>\n<p><!-- \/wp:paragraph --><\/p>\n<\/div> \n\n        <div class=\"entry-buttons text-center\">\n          \n        <a class=\"btn btn-primary\" href=\"https:\/\/www.cheminsdesparcs.fr\/pedestre\/they-du-mazet-lembouchure-du-rhone\/\" target=\"_blank\">Learn more about the They du Mazet trail<\/a>  \n    <\/div>\n     \n\n<\/div><\/div>\n\n\n<p><\/p>\n\n\n\n<p><\/p>\n\n\n\n<div class=\"wp-block-encadre color-vert\"><div class=\"encadre-block encadre-color-vert has-ui-light-color\"> \n\n        \n    <h2 class=\"text-center has-ui-light-color\">Oysters and mussels of Camargue<\/h2>\n \n    <div class=\"entry-content\"><p>The southbound cove of Carteau, where the freshwater of the Rh\u00f4ne and the salty water of the Mediterranean mingle, is largely dedicated to oyster and shellfish farming. The ecosystem is perfect for this activity : full of sediments, limestone and other nutrients brought by the Rh\u00f4ne. This is where the Camargue oyster gets its typical hazelnut taste, low salinity and iodized flavor from. It has found its way to the finest restaurants.<\/p>\n<\/div> \n\n        <div class=\"entry-buttons text-center\">\n        <a class=\"btn btn-outline-secondary\" href=\"https:\/\/www.portsaintlouis-tourisme.fr\/fr\/se-ressourcer-port-saint-louis\/la-mer\/la-conchyliculture\" target=\"_blank\">Learn more<\/a>  \n          \n    <\/div>\n     \n\n<\/div><\/div>","protected":false},"excerpt":{"rendered":"<p>Located at the embouchure of the Grand Rh\u00f4ne, Port Saint-Louis du Rh\u00f4ne lives off nautical activities and merchant shipping between the river and the Mediterranean sea. Fishing, seafood, yachting, beaches and water sports make this port city attractive and popular to visitors. <\/p>\n","protected":false},"author":1,"featured_media":240022,"parent":221767,"menu_order":3,"comment_status":"closed","ping_status":"closed","template":"page-templates\/page-ville.php","meta":{"_acf_changed":false,"inline_featured_image":false,"footnotes":""},"class_list":["post-242404","page","type-page","status-publish","has-post-thumbnail","hentry"],"acf":[],"yoast_head":"<!-- This site is optimized with the Yoast SEO plugin v26.6 - https:\/\/yoast.com\/wordpress\/plugins\/seo\/ -->\n<title>Port-Saint-Louis-du-Rh\u00f4ne - Destination Camargue<\/title>\n<meta name=\"robots\" content=\"index, follow, max-snippet:-1, max-image-preview:large, max-video-preview:-1\" \/>\n<link rel=\"canonical\" href=\"https:\/\/destination-camargue.fr\/en\/life-size-provence\/port-saint-louis-du-rhone\/\" \/>\n<meta property=\"og:locale\" content=\"en_US\" \/>\n<meta property=\"og:type\" content=\"article\" \/>\n<meta property=\"og:title\" content=\"Port-Saint-Louis-du-Rh\u00f4ne - Destination Camargue\" \/>\n<meta property=\"og:description\" content=\"Located at the embouchure of the Grand Rh\u00f4ne, Port Saint-Louis du Rh\u00f4ne lives off nautical activities and merchant shipping between the river and the Mediterranean sea. Fishing, seafood, yachting, beaches and water sports make this port city attractive and popular to visitors.\" \/>\n<meta property=\"og:url\" content=\"https:\/\/destination-camargue.fr\/en\/life-size-provence\/port-saint-louis-du-rhone\/\" \/>\n<meta property=\"og:site_name\" content=\"Destination Camargue\" \/>\n<meta property=\"article:modified_time\" content=\"2024-11-12T16:49:55+00:00\" \/>\n<meta property=\"og:image\" content=\"https:\/\/destination-camargue.fr\/wp-content\/uploads\/2024\/09\/Tour-St-Louis_OTPSL-1200x900.jpg\" \/>\n\t<meta property=\"og:image:width\" content=\"1200\" \/>\n\t<meta property=\"og:image:height\" content=\"900\" \/>\n\t<meta property=\"og:image:type\" content=\"image\/jpeg\" \/>\n<meta name=\"twitter:card\" content=\"summary_large_image\" \/>\n<meta name=\"twitter:label1\" content=\"Est. reading time\" \/>\n\t<meta name=\"twitter:data1\" content=\"5 minutes\" \/>\n<script type=\"application\/ld+json\" class=\"yoast-schema-graph\">{\"@context\":\"https:\/\/schema.org\",\"@graph\":[{\"@type\":\"WebPage\",\"@id\":\"https:\/\/destination-camargue.fr\/en\/life-size-provence\/port-saint-louis-du-rhone\/\",\"url\":\"https:\/\/destination-camargue.fr\/en\/life-size-provence\/port-saint-louis-du-rhone\/\",\"name\":\"Port-Saint-Louis-du-Rh\u00f4ne - Destination Camargue\",\"isPartOf\":{\"@id\":\"https:\/\/destination-camargue.fr\/en\/#website\"},\"primaryImageOfPage\":{\"@id\":\"https:\/\/destination-camargue.fr\/en\/life-size-provence\/port-saint-louis-du-rhone\/#primaryimage\"},\"image\":{\"@id\":\"https:\/\/destination-camargue.fr\/en\/life-size-provence\/port-saint-louis-du-rhone\/#primaryimage\"},\"thumbnailUrl\":\"https:\/\/destination-camargue.fr\/wp-content\/uploads\/2024\/09\/Tour-St-Louis_OTPSL-scaled.jpg\",\"datePublished\":\"2022-11-20T14:45:17+00:00\",\"dateModified\":\"2024-11-12T16:49:55+00:00\",\"breadcrumb\":{\"@id\":\"https:\/\/destination-camargue.fr\/en\/life-size-provence\/port-saint-louis-du-rhone\/#breadcrumb\"},\"inLanguage\":\"en-US\",\"potentialAction\":[{\"@type\":\"ReadAction\",\"target\":[\"https:\/\/destination-camargue.fr\/en\/life-size-provence\/port-saint-louis-du-rhone\/\"]}]},{\"@type\":\"ImageObject\",\"inLanguage\":\"en-US\",\"@id\":\"https:\/\/destination-camargue.fr\/en\/life-size-provence\/port-saint-louis-du-rhone\/#primaryimage\",\"url\":\"https:\/\/destination-camargue.fr\/wp-content\/uploads\/2024\/09\/Tour-St-Louis_OTPSL-scaled.jpg\",\"contentUrl\":\"https:\/\/destination-camargue.fr\/wp-content\/uploads\/2024\/09\/Tour-St-Louis_OTPSL-scaled.jpg\",\"width\":2560,\"height\":1920,\"caption\":\"Tour Saint Louis\"},{\"@type\":\"BreadcrumbList\",\"@id\":\"https:\/\/destination-camargue.fr\/en\/life-size-provence\/port-saint-louis-du-rhone\/#breadcrumb\",\"itemListElement\":[{\"@type\":\"ListItem\",\"position\":1,\"name\":\"Home\",\"item\":\"https:\/\/destination-camargue.fr\/en\/\"},{\"@type\":\"ListItem\",\"position\":2,\"name\":\"Life-size Provence\",\"item\":\"https:\/\/destination-camargue.fr\/en\/life-size-provence\/\"},{\"@type\":\"ListItem\",\"position\":3,\"name\":\"Port-Saint-Louis-du-Rh\u00f4ne\"}]},{\"@type\":\"WebSite\",\"@id\":\"https:\/\/destination-camargue.fr\/en\/#website\",\"url\":\"https:\/\/destination-camargue.fr\/en\/\",\"name\":\"Destination Camargue\",\"description\":\"La Camargue, naturellement humaine\",\"potentialAction\":[{\"@type\":\"SearchAction\",\"target\":{\"@type\":\"EntryPoint\",\"urlTemplate\":\"https:\/\/destination-camargue.fr\/en\/?s={search_term_string}\"},\"query-input\":{\"@type\":\"PropertyValueSpecification\",\"valueRequired\":true,\"valueName\":\"search_term_string\"}}],\"inLanguage\":\"en-US\"}]}<\/script>\n<!-- \/ Yoast SEO plugin. -->","yoast_head_json":{"title":"Port-Saint-Louis-du-Rh\u00f4ne - Destination Camargue","robots":{"index":"index","follow":"follow","max-snippet":"max-snippet:-1","max-image-preview":"max-image-preview:large","max-video-preview":"max-video-preview:-1"},"canonical":"https:\/\/destination-camargue.fr\/en\/life-size-provence\/port-saint-louis-du-rhone\/","og_locale":"en_US","og_type":"article","og_title":"Port-Saint-Louis-du-Rh\u00f4ne - Destination Camargue","og_description":"Located at the embouchure of the Grand Rh\u00f4ne, Port Saint-Louis du Rh\u00f4ne lives off nautical activities and merchant shipping between the river and the Mediterranean sea. Fishing, seafood, yachting, beaches and water sports make this port city attractive and popular to visitors.","og_url":"https:\/\/destination-camargue.fr\/en\/life-size-provence\/port-saint-louis-du-rhone\/","og_site_name":"Destination Camargue","article_modified_time":"2024-11-12T16:49:55+00:00","og_image":[{"width":1200,"height":900,"url":"https:\/\/destination-camargue.fr\/wp-content\/uploads\/2024\/09\/Tour-St-Louis_OTPSL-1200x900.jpg","type":"image\/jpeg"}],"twitter_card":"summary_large_image","twitter_misc":{"Est. reading time":"5 minutes"},"schema":{"@context":"https:\/\/schema.org","@graph":[{"@type":"WebPage","@id":"https:\/\/destination-camargue.fr\/en\/life-size-provence\/port-saint-louis-du-rhone\/","url":"https:\/\/destination-camargue.fr\/en\/life-size-provence\/port-saint-louis-du-rhone\/","name":"Port-Saint-Louis-du-Rh\u00f4ne - Destination Camargue","isPartOf":{"@id":"https:\/\/destination-camargue.fr\/en\/#website"},"primaryImageOfPage":{"@id":"https:\/\/destination-camargue.fr\/en\/life-size-provence\/port-saint-louis-du-rhone\/#primaryimage"},"image":{"@id":"https:\/\/destination-camargue.fr\/en\/life-size-provence\/port-saint-louis-du-rhone\/#primaryimage"},"thumbnailUrl":"https:\/\/destination-camargue.fr\/wp-content\/uploads\/2024\/09\/Tour-St-Louis_OTPSL-scaled.jpg","datePublished":"2022-11-20T14:45:17+00:00","dateModified":"2024-11-12T16:49:55+00:00","breadcrumb":{"@id":"https:\/\/destination-camargue.fr\/en\/life-size-provence\/port-saint-louis-du-rhone\/#breadcrumb"},"inLanguage":"en-US","potentialAction":[{"@type":"ReadAction","target":["https:\/\/destination-camargue.fr\/en\/life-size-provence\/port-saint-louis-du-rhone\/"]}]},{"@type":"ImageObject","inLanguage":"en-US","@id":"https:\/\/destination-camargue.fr\/en\/life-size-provence\/port-saint-louis-du-rhone\/#primaryimage","url":"https:\/\/destination-camargue.fr\/wp-content\/uploads\/2024\/09\/Tour-St-Louis_OTPSL-scaled.jpg","contentUrl":"https:\/\/destination-camargue.fr\/wp-content\/uploads\/2024\/09\/Tour-St-Louis_OTPSL-scaled.jpg","width":2560,"height":1920,"caption":"Tour Saint Louis"},{"@type":"BreadcrumbList","@id":"https:\/\/destination-camargue.fr\/en\/life-size-provence\/port-saint-louis-du-rhone\/#breadcrumb","itemListElement":[{"@type":"ListItem","position":1,"name":"Home","item":"https:\/\/destination-camargue.fr\/en\/"},{"@type":"ListItem","position":2,"name":"Life-size Provence","item":"https:\/\/destination-camargue.fr\/en\/life-size-provence\/"},{"@type":"ListItem","position":3,"name":"Port-Saint-Louis-du-Rh\u00f4ne"}]},{"@type":"WebSite","@id":"https:\/\/destination-camargue.fr\/en\/#website","url":"https:\/\/destination-camargue.fr\/en\/","name":"Destination Camargue","description":"La Camargue, naturellement humaine","potentialAction":[{"@type":"SearchAction","target":{"@type":"EntryPoint","urlTemplate":"https:\/\/destination-camargue.fr\/en\/?s={search_term_string}"},"query-input":{"@type":"PropertyValueSpecification","valueRequired":true,"valueName":"search_term_string"}}],"inLanguage":"en-US"}]}},"_links":{"self":[{"href":"https:\/\/destination-camargue.fr\/en\/wp-json\/wp\/v2\/pages\/242404","targetHints":{"allow":["GET"]}}],"collection":[{"href":"https:\/\/destination-camargue.fr\/en\/wp-json\/wp\/v2\/pages"}],"about":[{"href":"https:\/\/destination-camargue.fr\/en\/wp-json\/wp\/v2\/types\/page"}],"author":[{"embeddable":true,"href":"https:\/\/destination-camargue.fr\/en\/wp-json\/wp\/v2\/users\/1"}],"replies":[{"embeddable":true,"href":"https:\/\/destination-camargue.fr\/en\/wp-json\/wp\/v2\/comments?post=242404"}],"version-history":[{"count":3,"href":"https:\/\/destination-camargue.fr\/en\/wp-json\/wp\/v2\/pages\/242404\/revisions"}],"predecessor-version":[{"id":242455,"href":"https:\/\/destination-camargue.fr\/en\/wp-json\/wp\/v2\/pages\/242404\/revisions\/242455"}],"up":[{"embeddable":true,"href":"https:\/\/destination-camargue.fr\/en\/wp-json\/wp\/v2\/pages\/221767"}],"wp:featuredmedia":[{"embeddable":true,"href":"https:\/\/destination-camargue.fr\/en\/wp-json\/wp\/v2\/media\/240022"}],"wp:attachment":[{"href":"https:\/\/destination-camargue.fr\/en\/wp-json\/wp\/v2\/media?parent=242404"}],"curies":[{"name":"wp","href":"https:\/\/api.w.org\/{rel}","templated":true}]}}