{"id":242402,"date":"2022-11-20T14:29:49","date_gmt":"2022-11-20T14:29:49","guid":{"rendered":"https:\/\/destination-camargue.fr\/?page_id=242402"},"modified":"2024-11-12T16:37:53","modified_gmt":"2024-11-12T16:37:53","slug":"arles","status":"publish","type":"page","link":"https:\/\/destination-camargue.fr\/en\/life-size-provence\/arles\/","title":{"rendered":"Arles"},"content":{"rendered":"\n<h2 class=\"wp-block-heading\">Amazing moments in Arles<\/h2>\n\n\n\n<h3 class=\"wp-block-heading\">The legacy of history<\/h3>\n\n\n\n<p>Not only a former metropolis of the Roman Gaul, the city also carries the remains of a radiant Christian past. From the arena to the ancient theater, Arles unveils its architectural treasures protected by the UNESCO World Heritage Site label: the Saint Trophisme primate church, the Montmajour abbey, the antique theater, the baths of Constantine, the Alyscamps necropolis, the Roman circus&#8230;<\/p>\n\n\n\n<p>Among those sites, visiting the arena is a must. It\u2019s an amphitheater modeled on the Colosseum of Rome with room for up to 20,000 people. Even today, the arena comes to life with a cheering public attending the ferias, concerts or shows at the heart of this historic monument.<\/p>\n\n\n\n<h3 class=\"wp-block-heading\">In Roman times<\/h3>\n\n\n\n<p>A visit to the <em>Mus\u00e9e d\u00e9partemental Arles antique<\/em> allows to better understand the growth of the Roman city: a captivating and educational scenography with 1,800 objects reveals the secrets of the millennial city, including a 31-meter Gallo-Roman barge (boat) and the famous bust of Julius Caesar, both discovered in the River Rh\u00f4ne.<\/p>\n\n\n\n<p>Travel back in time by booking a guided and animated tour for the whole family at different historical sites. Become an adventurer of time by attending the fights of the gladiators or even trying it out yourself (age 13+).<\/p>\n\n\n\n<h3 class=\"wp-block-heading\"><strong>A rich and lively culture<\/strong><\/h3>\n\n\n<div class=\"wp-block-image\"><figure class=\"size-full aligncenter\"><a href=https:\/\/destination-camargue.fr\/wp-content\/uploads\/2024\/09\/Fete_des_gardians-2024-E.R-PNRC-bd.jpg title=\"\" rel=\"prettyPhoto\"><img src=https:\/\/destination-camargue.fr\/wp-content\/uploads\/2024\/09\/Fete_des_gardians-2024-E.R-PNRC-bd.jpg alt=\"F\u00eate des gardians\" title=\"Fe\u0302te_des_gardians-2024-E.R-PNRC-bd\" class=\"wp-image-240145\"\/><\/a><figcaption class=\"text-start\"><span>&copy; E.R. &#8211; PNR Camargue<\/span><\/figcaption><\/figure><\/div>\n\n\n<p>At the bend of an alley bathed in sun you may cross the <em>Reine d\u2019Arles<\/em> on her Camargue horse. For over a century, the inhabitants of Arles have elected their queen every 3 years during the <em>F\u00eate des gardians<\/em> and enthroned her during the very popular <em>Bal de la Reine<\/em>. Every young queen reigns over the <em>Pays d&#8217;Arles<\/em> and defends its history, its traditions and its language, the <em>proven\u00e7al<\/em>, so dear to Fr\u00e9d\u00e9ric Mistral. He was a poet, Nobel Prize winner in literature and great defender of Proven\u00e7al culture founded the Museon Arlaten at the end of the 19th century. A jewel of Proven\u00e7al culture, it houses nearly 40,000 collector\u2019s items showcasing the life of people of Provence and their traditions which are still very much alive today. The <em>F\u00eate des gardians<\/em>, the rice ferias in September and Easter, the <em>Pegoulado<\/em> and the costume festival mark the different seasons of the year.<\/p>\n\n\n\n<div class=\"wp-block-media-and-text\">\n\n    <div class=\"container\">\n        \n        <div class=\"row align-items-center\">\n\n            <div class=\"col-img col-12 col-md-6 order-2 order-md-1\">\n                <img decoding=\"async\" class=\"img-fluid\" src=\"https:\/\/destination-camargue.fr\/wp-content\/uploads\/2024\/09\/Musee-Camargue-bd-794x550.jpg\" alt=\"Mus\u00e9e de la Camargue\" \/>\n                <figcaption class=\"text-start\"><span>\n                    &copy; PNR Camargue                <\/span><\/figcaption>            <\/div>\n\n            <div class=\"col-block text-start col-12 col-md-6 order-1 order-md-2\"><div class=\"block\"><div class=\"block-content \">\n\n                <h4 class=\"has-light-green-color\">The Camargue Museum for nature lovers<\/h4>\n\n                <div class=\"entry-content\">12 km South of Arles, the Camargue Museum offers a journey through space and time. Historical pieces, interactive installations, sound, videos and contemporary artworks invite visitors of all ages to learn about the past, discover the present and imagine the future. Located in an old sheep barn, the museum is managed by the Regional Natural Park, which fully meets its vocation to protect and sustain the natural, cultural and human heritage of the Camargue.<br \/>\r\nOutside the Museum, a great piece by the artist Tadashi Kawamata catches the visitor\u2019s eye: a wooden observatory inspired by Noah\u2019s ark that visitors are invited to climb to better understand the water issues in the Rh\u00f4ne Delta.<\/div> \n\n                  \n\n            <\/div><\/div><\/div>    \n\n        <\/div>\n\n    <\/div> \n\n<\/div>\n\n\n<h3 class=\"wp-block-heading\"><strong>Arles inspires artists<\/strong><\/h3>\n\n\n\n<p>Far from having sat back on its prestigious past, the city has always attracted many artists. Arles, the Crau, the Alpilles and the Camargue are an inexhaustible source of inspiration: Van Gogh, Picasso, Cocteau, the photographer Lucien Clergue \u2013 founder of the <em>Rencontres d&#8217;Arles<\/em> \u2013 or Christian Lacroix\u2026&nbsp; they all loved this city and contemporary artists continue to do so as well.<\/p>\n\n\n\n<h4 class=\"wp-block-heading\">Vincent Van Gogh<\/h4>\n\n\n\n<p>Seduced by its light and colors, Vincent Van Gogh lived in Arles for 15 months where he made about 300 drawings and paintings. Following the marked path \u201cIn the footsteps of Vincent Van Gogh\u201d you will discover the locations where the artist had placed his easel. At the L\u00e9autaud de Donines house, the Vincent van Gogh Foundation showcases his work and undeniable influence in contemporary art.<\/p>\n\n\n\n<h4 class=\"wp-block-heading\">The Mus\u00e9e R\u00e9attu<\/h4>\n\n\n\n<p>Housed in the former Grand Priory of the Order of Malta, the Mus\u00e9e Reattu pays tribute to the fine arts. Built in the bend of the Grand Rh\u00f4ne, the imposing construction is the setting of collections celebrating modern and contemporary art: paintings, sculptures, photographs, sound art. In 1971, two years before his death, Picasso sealed his attachment to Arles by offering the museum a carefully selected set of fifty-seven paintings.<\/p>\n\n\n\n<h4 class=\"wp-block-heading\">Luma Arles<\/h4>\n\n\n\n<p>Designed by the art collector and sponsor Maja Hoffmann, Luma Arles stretches over an 11-hectare park close to the historical center. In the sculptural tower of 56 meters height designed by the architect Frank Gehry, one can see walls of crystallized salts. A fascinating way to promote this emblematic resource of the Camargue. Since its opening, the Luma Arles tower has been a true beacon of contemporary art with a program able to compete with important international foundations.<\/p>\n\n\n\n<h4 class=\"wp-block-heading\">Lee Ufan<\/h4>\n\n\n\n<p>Close to the arena, another foundation makes the news. The Korean artist Lee Ufan and&nbsp; master of minimalism, seduced by Arles after having exhibited there in 2013, decided to open an exhibition center in the former Vernon townhouse. The artist presents his works and supports artistic initiatives which further enrich the cultural offer of the city.<\/p>\n\n\n\n<h2 class=\"wp-block-heading\">Discover and enjoy Arles<\/h2>\n\n\n\n<h3 class=\"wp-block-heading\"><strong>Festivals&nbsp;: 5 arts all over the town<\/strong><\/h3>\n\n\n\n<p>Photography and visual arts, music, dance, theater, history&#8230; many events punctuate the year, especially the summer.<\/p>\n\n\n\n<h4 class=\"wp-block-heading\">Les Rencontres d&#8217;Arles<\/h4>\n\n\n\n<p><strong>Photography Festival <span style=\"font-size: medium; font-weight: 400; white-space-collapse: collapse;\"><\/span>&#8211; July to september<\/strong><br>Present in all parts of the city throughout the summer, the festival is the meeting place for photo enthusiasts and a witness of contemporary creation.&nbsp;<\/p>\n\n\n\n<p>The city also hosts the <em>Ecole nationale sup\u00e9rieure de la photographie<\/em> (ENSP).<\/p>\n\n\n\n<h4 class=\"wp-block-heading\">Festival les Suds<\/h4>\n\n\n\n<p><strong>World&nbsp;music&nbsp;festival &#8211; July<br><\/strong>Every summer, for 7 days and 6 nights, from 10 o\u2019clock in the morning to 4 o\u2019clock at night, the event welcomes more than 50,000 festival-goers and hosts more than 80 concerts and musical meetings. The happening unfolds beyond the city, spreading in the Camargue.<\/p>\n\n\n\n<h4 class=\"wp-block-heading\">FlamencA<\/h4>\n\n\n\n<p><strong>Flamenco festival &#8211; August<\/strong><br>Dance, music, singing, photography, poetry\u2026 this festival explores female flamenco in all forms.<\/p>\n\n\n\n<h4 class=\"wp-block-heading\"><strong>Rice Festival<\/strong><\/h4>\n\n\n\n<p><strong>September<br><\/strong>Every late summer, while the harvest is in full swing, Arles celebrates the rice production &#8211; a cereal which is at the heart of a strong economic activity. Neighborhood and town associations in Arles make colorful floats for the occasion, inspired by rice-growing, traditions and local life.&nbsp;<\/p>\n\n\n\n<div class=\"wp-block-encadre color-beige\"><div class=\"encadre-block encadre-color-beige has-ui-dark-color\"> \n\n    <img decoding=\"async\" src=\"https:\/\/destination-camargue.fr\/wp-content\/themes\/wp-bootstrap-camargue\/img\/icones\/ecotourisme.svg\" alt=\"\" \/>    \n    <h2 class=\"text-center has-dark-beige-color\">Ecotourism &#8211; Listening to the river<\/h2>\n \n    <div class=\"entry-content\"><p><strong>Sonor bike trail from Arles to Mas Thibert<\/strong><\/p>\n<p>Take the ViaRh\u00f4na and follow a 22 km discovery route including 12 sound stages. This stroll along the river invites you to discover the Rh\u00f4ne from a historical, sensorial, artistic and scientific angle\u2026 A soft and unusual way to explore the Camargue! Prepare your trip here.<\/p>\n<\/div> \n\n        <div class=\"entry-buttons text-center\">\n        <a class=\"btn btn-outline-primary\" href=\"https:\/\/www.arlestourisme.com\/fr\/parcours-sonores-a-arles.html\" target=\"_blank\">Prepare your trip<\/a>  \n          \n    <\/div>\n     \n\n<\/div><\/div>\n\n\n<div class=\"wp-block-zoom color-vert\">\n\n    <div class=\"container\">\n        \n        <div class=\"row-block row justify-content-center justify-content-lg-start\">\n\n            <div class=\"col-block text-start col-11 col-sm-9 col-md-8 col-lg-4 col-xl-3\"><div class=\"block\"><div class=\"block-content has-green-background-color\">\n\n                <p class=\"entry-subtitle has-beige-color\">Zoom<\/p> \n\n                <h2 class=\"has-ui-light-color\">Arelate, Roman Days of Arles<\/h2>\n\n                <div class=\"entry-content has-ui-light-color\">Following in the footsteps of the Romans, the city makes a 2,000-year leap in the past, when it was still a provincial capital of ancient Rome: theatrical visits, street shows, re-enactments of Roman taverns, gladiator fights, legionary maneuvers and chariot races. Every evening, in the ancient theater, the Peplum Film Festival immerses festival-goers in the millennial history of Arles.<\/div> \n\n                                <div class=\"entry-button text-center\">\n                    <a class=\"btn btn-outline-secondary\" href=\"https:\/\/www.arlestourisme.com\/fr\/festival-arelate-festival-peplum.html\" target=\"_blank\">Learn more<\/a>\n                <\/div>\n                  \n\n            <\/div><\/div><\/div>   \n\n        <\/div>\n        \n        <div class=\"row-img row \">\n\n            <div class=\"col-img col-12\">\n                <img decoding=\"async\" class=\"img-fluid\" src=\"https:\/\/destination-camargue.fr\/wp-content\/uploads\/2024\/10\/Cortege_nuptial_place_de_la_Republique_3_Copyright_Guillaume_BONFILS-bd-1200x675.jpg\" alt=\"Festival Arelate et Peplum \u00e0 Arels\" \/>\n                                <figcaption><span>\n                    &copy; G. Bonfils                <\/span><\/figcaption>            <\/div>\n\n        <\/div>\n\n    <\/div> \n\n<\/div>\n\n\n<div class=\"wp-block-encadre color-marron\"><div class=\"encadre-block encadre-color-marron has-ui-light-color\"> \n\n        \n    <h2 class=\"text-center has-ui-light-color\">Did you know that\u2026 ? <\/h2>\n \n    <div class=\"entry-content\"><p>With 759 km\u00b2, the district of Arles is the largest <em>Commune <\/em>in Metropolitan France. The countryside of Arles encompasses 11 hamlets which showcase the different faces of the Camargue. From the Middle Ages, this land was shaped by the military and religious orders of the Hospitallers and the Templars, later of the Order of Malta.<\/p>\n<p>Some commanderies are still present in the Camargue landscape. Transformed into <em>Mas <\/em>(farmhouses) and <em>manades<\/em>, some of them invite you to live to the rhythm of the <em>gardians<\/em>, for a day or a longer stay.<\/p>\n<\/div> \n\n     \n\n<\/div><\/div>\n\n\n<p><\/p>\n","protected":false},"excerpt":{"rendered":"<p>Capital of the Camargue and flagship city of Provence, Arles was also called Rome of the Gauls in the Renaissance. The city is full of architectural treasures and is bustling with an intense cultural life. Founded in 46 BCE by Julius Caesar under the name of Arelate, the ancient Roman city has preserved the remains of its prestigious past. The historical center reveals an atmosphere both simple and refined, elegant and popular to its visitors. It is particularly pleasant to stroll through the city which continues to inspire artists and creators.<br \/>\nBut Arles is not limited to its town center : beyond the suburbs, it is a life-size experience <\/p>\n","protected":false},"author":1,"featured_media":240011,"parent":221767,"menu_order":1,"comment_status":"closed","ping_status":"closed","template":"page-templates\/page-ville.php","meta":{"_acf_changed":false,"inline_featured_image":false,"footnotes":""},"class_list":["post-242402","page","type-page","status-publish","has-post-thumbnail","hentry"],"acf":[],"yoast_head":"<!-- This site is optimized with the Yoast SEO plugin v26.6 - https:\/\/yoast.com\/wordpress\/plugins\/seo\/ -->\n<title>Arles - Destination Camargue<\/title>\n<meta name=\"robots\" content=\"index, follow, max-snippet:-1, max-image-preview:large, max-video-preview:-1\" \/>\n<link rel=\"canonical\" href=\"https:\/\/destination-camargue.fr\/en\/life-size-provence\/arles\/\" \/>\n<meta property=\"og:locale\" content=\"en_US\" \/>\n<meta property=\"og:type\" content=\"article\" \/>\n<meta property=\"og:title\" content=\"Arles - Destination Camargue\" \/>\n<meta property=\"og:description\" content=\"Capital of the Camargue and flagship city of Provence, Arles was also called Rome of the Gauls in the Renaissance. The city is full of architectural treasures and is bustling with an intense cultural life. Founded in 46 BCE by Julius Caesar under the name of Arelate, the ancient Roman city has preserved the remains of its prestigious past. The historical center reveals an atmosphere both simple and refined, elegant and popular to its visitors. It is particularly pleasant to stroll through the city which continues to inspire artists and creators. But Arles is not limited to its town center : beyond the suburbs, it is a life-size experience\" \/>\n<meta property=\"og:url\" content=\"https:\/\/destination-camargue.fr\/en\/life-size-provence\/arles\/\" \/>\n<meta property=\"og:site_name\" content=\"Destination Camargue\" \/>\n<meta property=\"article:modified_time\" content=\"2024-11-12T16:37:53+00:00\" \/>\n<meta property=\"og:image\" content=\"https:\/\/destination-camargue.fr\/wp-content\/uploads\/2024\/09\/Arles_La-ville-traversee-par-la-Rhone_ah_\u00a9Opus_Species-retouche.jpg\" \/>\n\t<meta property=\"og:image:width\" content=\"1920\" \/>\n\t<meta property=\"og:image:height\" content=\"1277\" \/>\n\t<meta property=\"og:image:type\" content=\"image\/jpeg\" \/>\n<meta name=\"twitter:card\" content=\"summary_large_image\" \/>\n<meta name=\"twitter:label1\" content=\"Est. reading time\" \/>\n\t<meta name=\"twitter:data1\" content=\"6 minutes\" \/>\n<script type=\"application\/ld+json\" class=\"yoast-schema-graph\">{\"@context\":\"https:\/\/schema.org\",\"@graph\":[{\"@type\":\"WebPage\",\"@id\":\"https:\/\/destination-camargue.fr\/en\/life-size-provence\/arles\/\",\"url\":\"https:\/\/destination-camargue.fr\/en\/life-size-provence\/arles\/\",\"name\":\"Arles - Destination Camargue\",\"isPartOf\":{\"@id\":\"https:\/\/destination-camargue.fr\/en\/#website\"},\"primaryImageOfPage\":{\"@id\":\"https:\/\/destination-camargue.fr\/en\/life-size-provence\/arles\/#primaryimage\"},\"image\":{\"@id\":\"https:\/\/destination-camargue.fr\/en\/life-size-provence\/arles\/#primaryimage\"},\"thumbnailUrl\":\"https:\/\/destination-camargue.fr\/wp-content\/uploads\/2024\/09\/Arles_La-ville-traversee-par-la-Rhone_ah_\u00a9Opus_Species-retouche.jpg\",\"datePublished\":\"2022-11-20T14:29:49+00:00\",\"dateModified\":\"2024-11-12T16:37:53+00:00\",\"breadcrumb\":{\"@id\":\"https:\/\/destination-camargue.fr\/en\/life-size-provence\/arles\/#breadcrumb\"},\"inLanguage\":\"en-US\",\"potentialAction\":[{\"@type\":\"ReadAction\",\"target\":[\"https:\/\/destination-camargue.fr\/en\/life-size-provence\/arles\/\"]}]},{\"@type\":\"ImageObject\",\"inLanguage\":\"en-US\",\"@id\":\"https:\/\/destination-camargue.fr\/en\/life-size-provence\/arles\/#primaryimage\",\"url\":\"https:\/\/destination-camargue.fr\/wp-content\/uploads\/2024\/09\/Arles_La-ville-traversee-par-la-Rhone_ah_\u00a9Opus_Species-retouche.jpg\",\"contentUrl\":\"https:\/\/destination-camargue.fr\/wp-content\/uploads\/2024\/09\/Arles_La-ville-traversee-par-la-Rhone_ah_\u00a9Opus_Species-retouche.jpg\",\"width\":1920,\"height\":1277,\"caption\":\"Vue a\u00e9rienne de la ville d'Arles\"},{\"@type\":\"BreadcrumbList\",\"@id\":\"https:\/\/destination-camargue.fr\/en\/life-size-provence\/arles\/#breadcrumb\",\"itemListElement\":[{\"@type\":\"ListItem\",\"position\":1,\"name\":\"Home\",\"item\":\"https:\/\/destination-camargue.fr\/en\/\"},{\"@type\":\"ListItem\",\"position\":2,\"name\":\"Life-size Provence\",\"item\":\"https:\/\/destination-camargue.fr\/en\/life-size-provence\/\"},{\"@type\":\"ListItem\",\"position\":3,\"name\":\"Arles\"}]},{\"@type\":\"WebSite\",\"@id\":\"https:\/\/destination-camargue.fr\/en\/#website\",\"url\":\"https:\/\/destination-camargue.fr\/en\/\",\"name\":\"Destination Camargue\",\"description\":\"La Camargue, naturellement humaine\",\"potentialAction\":[{\"@type\":\"SearchAction\",\"target\":{\"@type\":\"EntryPoint\",\"urlTemplate\":\"https:\/\/destination-camargue.fr\/en\/?s={search_term_string}\"},\"query-input\":{\"@type\":\"PropertyValueSpecification\",\"valueRequired\":true,\"valueName\":\"search_term_string\"}}],\"inLanguage\":\"en-US\"}]}<\/script>\n<!-- \/ Yoast SEO plugin. -->","yoast_head_json":{"title":"Arles - Destination Camargue","robots":{"index":"index","follow":"follow","max-snippet":"max-snippet:-1","max-image-preview":"max-image-preview:large","max-video-preview":"max-video-preview:-1"},"canonical":"https:\/\/destination-camargue.fr\/en\/life-size-provence\/arles\/","og_locale":"en_US","og_type":"article","og_title":"Arles - Destination Camargue","og_description":"Capital of the Camargue and flagship city of Provence, Arles was also called Rome of the Gauls in the Renaissance. The city is full of architectural treasures and is bustling with an intense cultural life. Founded in 46 BCE by Julius Caesar under the name of Arelate, the ancient Roman city has preserved the remains of its prestigious past. The historical center reveals an atmosphere both simple and refined, elegant and popular to its visitors. It is particularly pleasant to stroll through the city which continues to inspire artists and creators. But Arles is not limited to its town center : beyond the suburbs, it is a life-size experience","og_url":"https:\/\/destination-camargue.fr\/en\/life-size-provence\/arles\/","og_site_name":"Destination Camargue","article_modified_time":"2024-11-12T16:37:53+00:00","og_image":[{"width":1920,"height":1277,"url":"https:\/\/destination-camargue.fr\/wp-content\/uploads\/2024\/09\/Arles_La-ville-traversee-par-la-Rhone_ah_\u00a9Opus_Species-retouche.jpg","type":"image\/jpeg"}],"twitter_card":"summary_large_image","twitter_misc":{"Est. reading time":"6 minutes"},"schema":{"@context":"https:\/\/schema.org","@graph":[{"@type":"WebPage","@id":"https:\/\/destination-camargue.fr\/en\/life-size-provence\/arles\/","url":"https:\/\/destination-camargue.fr\/en\/life-size-provence\/arles\/","name":"Arles - Destination Camargue","isPartOf":{"@id":"https:\/\/destination-camargue.fr\/en\/#website"},"primaryImageOfPage":{"@id":"https:\/\/destination-camargue.fr\/en\/life-size-provence\/arles\/#primaryimage"},"image":{"@id":"https:\/\/destination-camargue.fr\/en\/life-size-provence\/arles\/#primaryimage"},"thumbnailUrl":"https:\/\/destination-camargue.fr\/wp-content\/uploads\/2024\/09\/Arles_La-ville-traversee-par-la-Rhone_ah_\u00a9Opus_Species-retouche.jpg","datePublished":"2022-11-20T14:29:49+00:00","dateModified":"2024-11-12T16:37:53+00:00","breadcrumb":{"@id":"https:\/\/destination-camargue.fr\/en\/life-size-provence\/arles\/#breadcrumb"},"inLanguage":"en-US","potentialAction":[{"@type":"ReadAction","target":["https:\/\/destination-camargue.fr\/en\/life-size-provence\/arles\/"]}]},{"@type":"ImageObject","inLanguage":"en-US","@id":"https:\/\/destination-camargue.fr\/en\/life-size-provence\/arles\/#primaryimage","url":"https:\/\/destination-camargue.fr\/wp-content\/uploads\/2024\/09\/Arles_La-ville-traversee-par-la-Rhone_ah_\u00a9Opus_Species-retouche.jpg","contentUrl":"https:\/\/destination-camargue.fr\/wp-content\/uploads\/2024\/09\/Arles_La-ville-traversee-par-la-Rhone_ah_\u00a9Opus_Species-retouche.jpg","width":1920,"height":1277,"caption":"Vue a\u00e9rienne de la ville d'Arles"},{"@type":"BreadcrumbList","@id":"https:\/\/destination-camargue.fr\/en\/life-size-provence\/arles\/#breadcrumb","itemListElement":[{"@type":"ListItem","position":1,"name":"Home","item":"https:\/\/destination-camargue.fr\/en\/"},{"@type":"ListItem","position":2,"name":"Life-size Provence","item":"https:\/\/destination-camargue.fr\/en\/life-size-provence\/"},{"@type":"ListItem","position":3,"name":"Arles"}]},{"@type":"WebSite","@id":"https:\/\/destination-camargue.fr\/en\/#website","url":"https:\/\/destination-camargue.fr\/en\/","name":"Destination Camargue","description":"La Camargue, naturellement humaine","potentialAction":[{"@type":"SearchAction","target":{"@type":"EntryPoint","urlTemplate":"https:\/\/destination-camargue.fr\/en\/?s={search_term_string}"},"query-input":{"@type":"PropertyValueSpecification","valueRequired":true,"valueName":"search_term_string"}}],"inLanguage":"en-US"}]}},"_links":{"self":[{"href":"https:\/\/destination-camargue.fr\/en\/wp-json\/wp\/v2\/pages\/242402","targetHints":{"allow":["GET"]}}],"collection":[{"href":"https:\/\/destination-camargue.fr\/en\/wp-json\/wp\/v2\/pages"}],"about":[{"href":"https:\/\/destination-camargue.fr\/en\/wp-json\/wp\/v2\/types\/page"}],"author":[{"embeddable":true,"href":"https:\/\/destination-camargue.fr\/en\/wp-json\/wp\/v2\/users\/1"}],"replies":[{"embeddable":true,"href":"https:\/\/destination-camargue.fr\/en\/wp-json\/wp\/v2\/comments?post=242402"}],"version-history":[{"count":5,"href":"https:\/\/destination-camargue.fr\/en\/wp-json\/wp\/v2\/pages\/242402\/revisions"}],"predecessor-version":[{"id":242449,"href":"https:\/\/destination-camargue.fr\/en\/wp-json\/wp\/v2\/pages\/242402\/revisions\/242449"}],"up":[{"embeddable":true,"href":"https:\/\/destination-camargue.fr\/en\/wp-json\/wp\/v2\/pages\/221767"}],"wp:featuredmedia":[{"embeddable":true,"href":"https:\/\/destination-camargue.fr\/en\/wp-json\/wp\/v2\/media\/240011"}],"wp:attachment":[{"href":"https:\/\/destination-camargue.fr\/en\/wp-json\/wp\/v2\/media?parent=242402"}],"curies":[{"name":"wp","href":"https:\/\/api.w.org\/{rel}","templated":true}]}}